{"id":734,"date":"2018-10-02T13:11:04","date_gmt":"2018-10-02T10:11:04","guid":{"rendered":"https:\/\/velikorodnov.com\/wordpress\/milenia\/?page_id=734"},"modified":"2024-01-09T12:42:49","modified_gmt":"2024-01-09T09:42:49","slug":"contact","status":"publish","type":"page","link":"https:\/\/serenityresort.ro\/en\/contact\/","title":{"rendered":"Contact"},"content":{"rendered":"<div class=\"wpb-content-wrapper\"><div data-bg-media-opacity=\"1\" class=\"vc_row wpb_row vc_row-fluid milenia-form--fields-white vc_custom_1699356626380 vc-row-dce543d4c227d8fecac748679c627faa-177527518892278456\" data-css-row=\"\"><div class=\"wpb_column vc_column_container vc_col-sm-4\"><div class=\"vc_column-inner\"><div class=\"wpb_wrapper\"><h3 style=\"text-align: left\" class=\"vc_custom_heading\" >Contact Details<\/h3>\n\t<div class=\"wpb_text_column wpb_content_element\" >\n\t\t<div class=\"wpb_wrapper\">\n\t\t\t<p><iframe loading=\"lazy\" style=\"border: 0;\" src=\"https:\/\/www.google.com\/maps\/embed?pb=!1m18!1m12!1m3!1d2785.0589384721966!2d25.488093876663964!3d45.72991281567014!2m3!1f0!2f0!3f0!3m2!1i1024!2i768!4f13.1!3m3!1m2!1s0x40b35753acb7a615%3A0xc10d17bff84ead6e!2sSerenity%20Resort!5e0!3m2!1sen!2sro!4v1699357017781!5m2!1sen!2sro\" width=\"400\" height=\"250\" allowfullscreen=\"allowfullscreen\"><span style=\"display: inline-block; width: 0px; overflow: hidden; line-height: 0;\" data-mce-type=\"bookmark\" class=\"mce_SELRES_start\"><\/span><\/iframe><\/p>\n\n\t\t<\/div>\n\t<\/div>\n<!--================ Key-value list ================-->\n<script>\n    (function($){\n        'use strict';\n\n        var $container, $grid, $filter, $carousels, $dynamicBgElements;\n\n        if(!$) return;\n\n        $(function(){\n            $container = $('#vc-milenia-panels-c0ff8f7820a76b5289696e5771c8b428-1775275188841701770');\n            if(!$container.length) return;\n\n            if(window.appear) {\n                appear({\n                    elements: function(){\n                        return document.querySelectorAll('#vc-milenia-panels-c0ff8f7820a76b5289696e5771c8b428-1775275188841701770');\n                    },\n                    appear: function(element) {\n                        var $el = $(element);\n                        $el.addClass('milenia-visible').addClass($el.data('animation'));\n                    },\n                    reappear: false,\n                    bounds: -200\n                });\n            }\n\n            if(window.Milenia && window.Milenia.LinkUnderliner) {\n                window.Milenia.LinkUnderliner.init($container.find('a'));\n            }\n        });\n    })(window.jQuery);\n<\/script>\n\n\n<ul id=\"vc-milenia-panels-c0ff8f7820a76b5289696e5771c8b428-1775275188841701770\" class=\"milenia-details-list milenia-list--unstyled vc_custom_1697704453068 milenia-visible\" data-animation=\"none\">\n    <li>\n    <span class=\"milenia-tc--dark\">Address:<\/span>\n     Str. Halchiului nr. 100, Codlea, jud Brasov\n<\/li>\n\r\n<li>\n    <span class=\"milenia-tc--dark\">Phone:<\/span>\n    <a href=\"tel:0368%20410%20055\"    >0368 410 055<\/a>\n<\/li>\n\r\n<li>\n    <span class=\"milenia-tc--dark\">Email:<\/span>\n    <a href=\"mailto:office@serenityresort.ro\"    >office@serenityresort.ro<\/a>\n<\/li>\n\n<\/ul>\n<!--================ End of Key-value list ================-->\n<!--================ Key-value list ================-->\n<script>\n    (function($){\n        'use strict';\n\n        var $container, $grid, $filter, $carousels, $dynamicBgElements;\n\n        if(!$) return;\n\n        $(function(){\n            $container = $('#vc-milenia-panels-12964178afe31de34467a2b7704fd0e1-1775275188430495123');\n            if(!$container.length) return;\n\n            if(window.appear) {\n                appear({\n                    elements: function(){\n                        return document.querySelectorAll('#vc-milenia-panels-12964178afe31de34467a2b7704fd0e1-1775275188430495123');\n                    },\n                    appear: function(element) {\n                        var $el = $(element);\n                        $el.addClass('milenia-visible').addClass($el.data('animation'));\n                    },\n                    reappear: false,\n                    bounds: -200\n                });\n            }\n\n            if(window.Milenia && window.Milenia.LinkUnderliner) {\n                window.Milenia.LinkUnderliner.init($container.find('a'));\n            }\n        });\n    })(window.jQuery);\n<\/script>\n\n\n<ul id=\"vc-milenia-panels-12964178afe31de34467a2b7704fd0e1-1775275188430495123\" class=\"milenia-details-list milenia-list--unstyled vc_custom_1697704392491 milenia-visible\" data-animation=\"none\">\n    <li>\n    <span class=\"milenia-tc--dark\">Company Name:<\/span>\n     SERENITY RESORT SRL\n<\/li>\n\r\n<li>\n    <span class=\"milenia-tc--dark\">CUI:<\/span>\n     RO36306885\n<\/li>\n\r\n<li>\n    <span class=\"milenia-tc--dark\">J:<\/span>\n     J8\/1472\/2016\n<\/li>\n\r\n<li>\n    <span class=\"milenia-tc--dark\">IBAN:<\/span>\n     RO25CARP008001473836RO01\n<\/li>\n\r\n<li>\n    <span class=\"milenia-tc--dark\">Bank:<\/span>\n     PATRIA BANK\n<\/li>\n\r\n<li>\n    <span class=\"milenia-tc--dark\">Social Capital:<\/span>\n     6680200 RON\n<\/li>\n\n<\/ul>\n<!--================ End of Key-value list ================-->\n<!--================ Key-value list ================-->\n<script>\n    (function($){\n        'use strict';\n\n        var $container, $grid, $filter, $carousels, $dynamicBgElements;\n\n        if(!$) return;\n\n        $(function(){\n            $container = $('#vc-milenia-panels-2446bbc9d83e1b2209e5da162750fdb4-1775275188634657270');\n            if(!$container.length) return;\n\n            if(window.appear) {\n                appear({\n                    elements: function(){\n                        return document.querySelectorAll('#vc-milenia-panels-2446bbc9d83e1b2209e5da162750fdb4-1775275188634657270');\n                    },\n                    appear: function(element) {\n                        var $el = $(element);\n                        $el.addClass('milenia-visible').addClass($el.data('animation'));\n                    },\n                    reappear: false,\n                    bounds: -200\n                });\n            }\n\n            if(window.Milenia && window.Milenia.LinkUnderliner) {\n                window.Milenia.LinkUnderliner.init($container.find('a'));\n            }\n        });\n    })(window.jQuery);\n<\/script>\n\n\n<ul id=\"vc-milenia-panels-2446bbc9d83e1b2209e5da162750fdb4-1775275188634657270\" class=\"milenia-details-list milenia-list--unstyled vc_custom_1704793535398 milenia-visible\" data-animation=\"none\">\n    <li>\n    <span class=\"milenia-tc--dark\">Activitatea Principal\u0103:<\/span>\n    5610 - Restaurante\n<\/li>\n\r\n<li>\n    <span class=\"milenia-tc--dark\">Direc\u021bia de S\u0103n\u0103tate Public\u0103 a Jude\u021bului Bra\u0219ov -<\/span>\n    1361\/A\/03.08.2021\n<\/li>\n\r\n<li>\n    <span class=\"milenia-tc--dark\">Direc\u021bia Sanitar Veterinar\u0103 \u0219i pentru Siguran\u021ba Alimentelor Bra\u0219ov -<\/span>\n    2342 V.A - BV din 24.10.2019\n<\/li>\n\r\n<li>\n    <span class=\"milenia-tc--dark\">Ministerul Economiei, Antreprenoriatului \u0219i Turismului -<\/span>\n    22843\/09.03.2021\n<\/li>\n\n<\/ul>\n<!--================ End of Key-value list ================-->\n<!--================ Social Icons ================-->\n<script>\n    (function($){\n        'use strict';\n\n        if(!$) return;\n\n        $(function(){\n            if(window.appear) {\n                appear({\n                    elements: function(){\n                        return document.querySelectorAll('#vc-milenia-social-icons-43adaefc3c20ddfb1491433febb940d4-17752751881929456973');\n                    },\n                    appear: function(element) {\n                        var $el = $(element);\n                        $el.addClass('milenia-visible').addClass($el.data('animation'));\n                    },\n                    reappear: false,\n                    bounds: -200\n                });\n            }\n        });\n    })(window.jQuery);\n<\/script>\n<ul id=\"vc-milenia-social-icons-43adaefc3c20ddfb1491433febb940d4-17752751881929456973\" class=\"milenia-list--unstyled milenia-social-icons milenia-social-icons--default milenia-visible vc_custom_1697704409540\" data-animation=\"none\">\n    <li><a href=\"https:\/\/www.facebook.com\/serenitycodlea\" target=\"_blank\"><i class=\"fab fa-facebook-f\"><\/i><\/a><\/li><li><a href=\"https:\/\/www.instagram.com\/serenity_resort\" target=\"_blank\"<i class=\"fab fa-instagram\"><\/i><\/a><\/li><li><a href=\"https:\/\/www.youtube.com\/@serenityresort3940\" target=\"_blank\"<i class=\"fab fa-youtube\"><\/i><\/a><\/li><li><a href=\"https:\/\/www.linkedin.com\/company\/serenityresort\/\" target=\"_blank\"<i class=\"fab fa-linkedin\"><\/i><\/a><\/li><li><a href=\"https:\/\/www.tiktok.com\/@serenity.resort\" target=\"_blank\"<i class=\"fab fa-tiktok\"><\/i><\/a><\/li>\n<\/ul>\n<!--================ End of Social Icons ================-->\n<\/div><\/div><\/div><div class=\"wpb_column vc_column_container vc_col-sm-8\"><div class=\"vc_column-inner\"><div class=\"wpb_wrapper\"><h3 style=\"text-align: left\" class=\"vc_custom_heading\" >We would love to hear from you!<\/h3>\n\t<div class=\"wpb_text_column wpb_content_element  vc_custom_1697702159708\" >\n\t\t<div class=\"wpb_wrapper\">\n\t\t\t<p>Feel free to send us any questions you may have. We are happy to answer you.<\/p>\n\n\t\t<\/div>\n\t<\/div>\n\n<div class=\"wpcf7 no-js\" id=\"wpcf7-f2821-o1\" lang=\"ro-RO\" dir=\"ltr\" data-wpcf7-id=\"2821\">\n<div class=\"screen-reader-response\"><p role=\"status\" aria-live=\"polite\" aria-atomic=\"true\"><\/p> <ul><\/ul><\/div>\n<form action=\"\/en\/wp-json\/wp\/v2\/pages\/734#wpcf7-f2821-o1\" method=\"post\" class=\"wpcf7-form init\" aria-label=\"Formular de contact\" novalidate=\"novalidate\" data-status=\"init\" data-trp-original-action=\"\/en\/wp-json\/wp\/v2\/pages\/734#wpcf7-f2821-o1\">\n<div style=\"display: none;\">\n<input type=\"hidden\" name=\"_wpcf7\" value=\"2821\" \/>\n<input type=\"hidden\" name=\"_wpcf7_version\" value=\"6.0.4\" \/>\n<input type=\"hidden\" name=\"_wpcf7_locale\" value=\"ro_RO\" \/>\n<input type=\"hidden\" name=\"_wpcf7_unit_tag\" value=\"wpcf7-f2821-o1\" \/>\n<input type=\"hidden\" name=\"_wpcf7_container_post\" value=\"0\" \/>\n<input type=\"hidden\" name=\"_wpcf7_posted_data_hash\" value=\"\" \/>\n<input type=\"hidden\" name=\"_wpcf7_recaptcha_response\" value=\"\" \/>\n<\/div>\n<p><label> Your name<br \/>\n<span class=\"wpcf7-form-control-wrap\" data-name=\"your-name\"><input size=\"40\" maxlength=\"400\" class=\"wpcf7-form-control wpcf7-text wpcf7-validates-as-required\" autocomplete=\"name\" aria-required=\"true\" aria-invalid=\"false\" value=\"\" type=\"text\" name=\"your-name\" \/><\/span> <\/label>\n<\/p>\n<p><label> Your email<br \/>\n<span class=\"wpcf7-form-control-wrap\" data-name=\"your-email\"><input size=\"40\" maxlength=\"400\" class=\"wpcf7-form-control wpcf7-email wpcf7-validates-as-required wpcf7-text wpcf7-validates-as-email\" autocomplete=\"email\" aria-required=\"true\" aria-invalid=\"false\" value=\"\" type=\"email\" name=\"your-email\" \/><\/span> <\/label>\n<\/p>\n<p><label> Subject<br \/>\n<span class=\"wpcf7-form-control-wrap\" data-name=\"your-subject\"><input size=\"40\" maxlength=\"400\" class=\"wpcf7-form-control wpcf7-text wpcf7-validates-as-required\" aria-required=\"true\" aria-invalid=\"false\" value=\"\" type=\"text\" name=\"your-subject\" \/><\/span> <\/label>\n<\/p>\n<p><label> Your message (optional)<br \/>\n<span class=\"wpcf7-form-control-wrap\" data-name=\"your-message\"><textarea cols=\"40\" rows=\"10\" maxlength=\"2000\" class=\"wpcf7-form-control wpcf7-textarea\" aria-invalid=\"false\" name=\"your-message\"><\/textarea><\/span> <\/label>\n<\/p>\n<p><!-- Mailchimp for WordPress v4.10.1 - https:\/\/www.mc4wp.com\/ --><input type=\"hidden\" name=\"_mc4wp_subscribe_contact-form-7\" value=\"0\" \/><span class=\"mc4wp-checkbox mc4wp-checkbox-contact-form-7\"><label><input type=\"checkbox\" name=\"_mc4wp_subscribe_contact-form-7\" value=\"1\" ><span>Sign me up for the newsletter!<\/span><\/label><\/span><!-- \/ Mailchimp for WordPress -->\n<\/p>\n<p><input class=\"wpcf7-form-control wpcf7-submit has-spinner\" type=\"submit\" value=\"Send\" \/>\n<\/p><div class=\"wpcf7-response-output\" aria-hidden=\"true\"><\/div>\n<input type=\"hidden\" name=\"trp-form-language\" value=\"en\"\/><\/form>\n<\/div>\n<\/div><\/div><\/div><\/div>\n<\/div>","protected":false},"excerpt":{"rendered":"Detalii Contact \ufeff Adresa: Str. Halchiului nr. 100, Codlea, jud Brasov Telefon: 0368 410 055 Email: office@serenityresort.ro Nume...","protected":false},"author":1,"featured_media":0,"parent":0,"menu_order":0,"comment_status":"closed","ping_status":"closed","template":"","meta":{"footnotes":""},"class_list":["post-734","page","type-page","status-publish","hentry"],"aioseo_notices":[],"_links":{"self":[{"href":"https:\/\/serenityresort.ro\/en\/wp-json\/wp\/v2\/pages\/734","targetHints":{"allow":["GET"]}}],"collection":[{"href":"https:\/\/serenityresort.ro\/en\/wp-json\/wp\/v2\/pages"}],"about":[{"href":"https:\/\/serenityresort.ro\/en\/wp-json\/wp\/v2\/types\/page"}],"author":[{"embeddable":true,"href":"https:\/\/serenityresort.ro\/en\/wp-json\/wp\/v2\/users\/1"}],"replies":[{"embeddable":true,"href":"https:\/\/serenityresort.ro\/en\/wp-json\/wp\/v2\/comments?post=734"}],"version-history":[{"count":2,"href":"https:\/\/serenityresort.ro\/en\/wp-json\/wp\/v2\/pages\/734\/revisions"}],"predecessor-version":[{"id":3763,"href":"https:\/\/serenityresort.ro\/en\/wp-json\/wp\/v2\/pages\/734\/revisions\/3763"}],"wp:attachment":[{"href":"https:\/\/serenityresort.ro\/en\/wp-json\/wp\/v2\/media?parent=734"}],"curies":[{"name":"wp","href":"https:\/\/api.w.org\/{rel}","templated":true}]}}