{"id":4344,"date":"2025-08-08T11:38:55","date_gmt":"2025-08-08T08:38:55","guid":{"rendered":"https:\/\/serenityresort.ro\/?page_id=4344"},"modified":"2025-08-08T12:41:08","modified_gmt":"2025-08-08T09:41:08","slug":"serenity-golf-cup-2025","status":"publish","type":"page","link":"https:\/\/serenityresort.ro\/en\/serenity-golf-cup-2025\/","title":{"rendered":"Serenity Golf Cup 2025"},"content":{"rendered":"<div class=\"wpb-content-wrapper\"><div data-bg-media-opacity=\"1\" class=\"vc_row wpb_row vc_row-fluid vc_custom_1698748890343 vc-row-bc0b9f394bec803fd42007023f6368ad-17775225201024232248 vc_column-gap-5 vc_row-o-content-middle vc_row-flex\" data-css-row=\"\"><div class=\"wpb_column vc_column_container vc_col-sm-12\"><div class=\"vc_column-inner\"><div class=\"wpb_wrapper\">\n\t\t\t<!-- START Golf REVOLUTION SLIDER 6.6.15 --><p class=\"rs-p-wp-fix\"><\/p>\n\t\t\t<rs-module-wrap id=\"rev_slider_20_1_wrapper\" data-source=\"gallery\" style=\"visibility:hidden;background:rgba(2,2,2,0.5);padding:0;background-image:url(https:\/\/serenityresort.ro\/wp-content\/uploads\/revslider\/home_1_slider\/black.png);background-repeat:no-repeat;background-size:cover;background-position:center center;\">\n\t\t\t\t<rs-module id=\"rev_slider_20_1\" style=\"\" data-version=\"6.6.15\">\n\t\t\t\t\t<rs-slides style=\"overflow: hidden; position: absolute;\">\n\t\t\t\t\t\t<rs-slide style=\"position: absolute;\" data-key=\"rs-47\" data-title=\"Slide1\" data-in=\"o:0;\" data-out=\"a:false;\">\n\t\t\t\t\t\t\t<img decoding=\"async\" src=\"\/\/serenityresort.ro\/wp-content\/plugins\/httpvelikorodnovcomwordpresssample-datapluginusanrevslider\/public\/assets\/assets\/dummy.png\" alt=\"\" title=\"header_desktop header\" width=\"2560\" height=\"1319\" class=\"rev-slidebg tp-rs-img rs-lazyload\" data-lazyload=\"\/\/serenityresort.ro\/wp-content\/uploads\/header_desktop-header-scaled.jpg\" data-parallax=\"off\" data-no-retina>\n<!--\n\t\t\t\t\t\t\t--><rs-layer\n\t\t\t\t\t\t\t\tid=\"slider-20-slide-47-layer-0\" \n\t\t\t\t\t\t\t\tdata-type=\"shape\"\n\t\t\t\t\t\t\t\tdata-rsp_ch=\"on\"\n\t\t\t\t\t\t\t\tdata-xy=\"x:c;yo:741px,741px,741px,580px;\"\n\t\t\t\t\t\t\t\tdata-text=\"w:normal;s:20,20,20,7;l:0,0,0,9;\"\n\t\t\t\t\t\t\t\tdata-dim=\"w:232,232,232,194;h:43,43,43,37;\"\n\t\t\t\t\t\t\t\tdata-border=\"bor:20px,20px,20px,20px;\"\n\t\t\t\t\t\t\t\tdata-frame_999=\"o:0;st:w;\"\n\t\t\t\t\t\t\t\tstyle=\"z-index:6;background-color:#ccfbd5;\"\n\t\t\t\t\t\t\t> \n\t\t\t\t\t\t\t<\/rs-layer><!--\n\n\t\t\t\t\t\t\t--><rs-layer\n\t\t\t\t\t\t\t\tid=\"slider-20-slide-47-layer-2\" \n\t\t\t\t\t\t\t\tdata-type=\"text\"\n\t\t\t\t\t\t\t\tdata-color=\"#252d3e\"\n\t\t\t\t\t\t\t\tdata-rsp_ch=\"on\"\n\t\t\t\t\t\t\t\tdata-xy=\"x:c;yo:749px,749px,749px,582px;\"\n\t\t\t\t\t\t\t\tdata-text=\"w:normal;s:19,19,19,20;l:29,29,29,31;ls:1,1,1,0;fw:600;a:center;\"\n\t\t\t\t\t\t\t\tdata-dim=\"minh:0,0,0,none;\"\n\t\t\t\t\t\t\t\tdata-actions='o:click;a:scrollbelow;offset:1000px;sp:1000ms;e:power1.inOut;'\n\t\t\t\t\t\t\t\tdata-frame_999=\"o:0;st:w;\"\n\t\t\t\t\t\t\t\tstyle=\"z-index:8;font-family:'Open Sans';\"\n\t\t\t\t\t\t\t>Descoper\u0103 detalii \n\t\t\t\t\t\t\t<\/rs-layer><!--\n-->\t\t\t\t\t\t<\/rs-slide>\n\t\t\t\t\t<\/rs-slides>\n\t\t\t\t\t<rs-static-layers><!--\n\t\t\t\t\t--><\/rs-static-layers>\n\t\t\t\t<\/rs-module>\n\t\t\t\t<script>\n\t\t\t\t\tsetREVStartSize({c: 'rev_slider_20_1',rl:[1240,1240,1240,480],el:[868,868,868,720],gw:[1240,1240,1240,480],gh:[868,868,868,720],type:'standard',justify:'',layout:'fullscreen',offsetContainer:'#milenia-header:not(.milenia-header--transparent-single)',offset:'',mh:\"0\"});if (window.RS_MODULES!==undefined && window.RS_MODULES.modules!==undefined && window.RS_MODULES.modules[\"revslider201\"]!==undefined) {window.RS_MODULES.modules[\"revslider201\"].once = false;window.revapi20 = undefined;if (window.RS_MODULES.checkMinimal!==undefined) window.RS_MODULES.checkMinimal()}\n\t\t\t\t<\/script>\n\t\t\t<\/rs-module-wrap>\n\t\t\t<!-- END REVOLUTION SLIDER -->\n<\/div><\/div><\/div><\/div><div data-bg-media-opacity=\"1\" data-vc-full-width=\"true\" data-vc-full-width-init=\"false\" class=\"vc_row wpb_row vc_row-fluid vc_custom_1754641595471 vc-row-b1d93b110301f78e676c3a72b4c17b70-1777522520586569046 vc_row-has-fill\" data-css-row=\"\"><div class=\"wpb_column vc_column_container vc_col-sm-12 vc_hidden-xs\"><div class=\"vc_column-inner\"><div class=\"wpb_wrapper\"><\/div><\/div><\/div><\/div><div class=\"vc_row-full-width vc_clearfix\"><\/div><div data-bg-media-opacity=\"1\" data-vc-full-width=\"true\" data-vc-full-width-init=\"false\" class=\"vc_row wpb_row vc_row-fluid vc_custom_1754641602488 vc-row-97ecc8f62fdfa560df3fba14eb5f8c52-1777522520660176299 vc_row-has-fill vc_row-o-content-middle vc_row-flex\" data-css-row=\"\"><div class=\"wpb_column vc_column_container vc_col-sm-12\"><div class=\"vc_column-inner\"><div class=\"wpb_wrapper\"><div class=\"vc_row wpb_row vc_inner vc_row-fluid\"><div class=\"wpb_column vc_column_container vc_col-sm-3\"><div class=\"vc_column-inner\"><div class=\"wpb_wrapper\"><\/div><\/div><\/div><div class=\"wpb_column vc_column_container vc_col-sm-6\"><div class=\"vc_column-inner\"><div class=\"wpb_wrapper\"><!--================ Section Heading ================-->\n<script>\n    (function($){\n        'use strict';\n\n        if(!$) return;\n\n        $(function(){\n            if(window.appear) {\n                appear({\n                    elements: function(){\n                        return document.querySelectorAll('#vc-milenia-section-heading-3dca1281bc570b5f0e9159cbf9898fed-17775225201939376053');\n                    },\n                    appear: function(element) {\n                        var $el = $(element);\n                        $el.addClass('milenia-visible').addClass($el.data('animation'));\n                    },\n                    reappear: false,\n                    bounds: -200\n                });\n            }\n        });\n    })(window.jQuery);\n<\/script>\n<div id=\"vc-milenia-section-heading-3dca1281bc570b5f0e9159cbf9898fed-17775225201939376053\" class=\"milenia-section-heading text-center\" data-animation=\"fadeIn\">\n    \n    <h2 class=\"milenia-section-title milenia-font--like-body\" style=\"color: #ffffff;font-size: 96px;line-height: 80px;margin-bottom: 0px;text-transform: none;font-style: normal;font-weight: 600;\">Intr\u0103 \u00een competi\u021bie!<\/h2>\n\n    \n<\/div>\n<!--================ End of Section Heading ================-->\n<\/div><\/div><\/div><div class=\"wpb_column vc_column_container vc_col-sm-3\"><div class=\"vc_column-inner\"><div class=\"wpb_wrapper\"><\/div><\/div><\/div><\/div><div class=\"vc_row wpb_row vc_inner vc_row-fluid\"><div class=\"wpb_column vc_column_container vc_col-sm-3\"><div class=\"vc_column-inner\"><div class=\"wpb_wrapper\"><\/div><\/div><\/div><div class=\"wpb_column vc_column_container vc_col-sm-6\"><div class=\"vc_column-inner\"><div class=\"wpb_wrapper\"><!--================ Section Heading ================-->\n<script>\n    (function($){\n        'use strict';\n\n        if(!$) return;\n\n        $(function(){\n            if(window.appear) {\n                appear({\n                    elements: function(){\n                        return document.querySelectorAll('#vc-milenia-section-heading-e912e37de2797a9a3c5fb912b6912671-17775225201514717666');\n                    },\n                    appear: function(element) {\n                        var $el = $(element);\n                        $el.addClass('milenia-visible').addClass($el.data('animation'));\n                    },\n                    reappear: false,\n                    bounds: -200\n                });\n            }\n        });\n    })(window.jQuery);\n<\/script>\n<div id=\"vc-milenia-section-heading-e912e37de2797a9a3c5fb912b6912671-17775225201514717666\" class=\"milenia-section-heading text-center\" data-animation=\"fadeIn\">\n    \n    <h2 class=\"milenia-section-title milenia-font--like-body\" style=\"color: #015031;font-size: 32px;line-height: 40px;margin-bottom: 0px;text-transform: none;font-style: normal;font-weight: 400;\">Pe 27 septembrie 2025, Serenity Golf Cup revine la SunGarden Resort, \u00een comuna Baciu.Te a\u0219tept\u0103m s\u0103 joci al\u0103turi de oameni care \u00ee\u021bi \u00eemp\u0103rt\u0103\u0219esc entuziasmul \u0219i s\u0103 \u00eenchei seara cu o experien\u021b\u0103 culinar\u0103 memorabil\u0103.<\/h2>\n\n    \n<\/div>\n<!--================ End of Section Heading ================-->\n<\/div><\/div><\/div><div class=\"wpb_column vc_column_container vc_col-sm-3\"><div class=\"vc_column-inner\"><div class=\"wpb_wrapper\"><\/div><\/div><\/div><\/div>\n\t<div  class=\"wpb_single_image wpb_content_element vc_align_center  wpb_animate_when_almost_visible wpb_slideInDown slideInDown  sageata\">\n\t\t\n\t\t<figure class=\"wpb_wrapper vc_figure\">\n\t\t\t<div class=\"vc_single_image-wrapper   vc_box_border_grey\"><img loading=\"lazy\" decoding=\"async\" width=\"300\" height=\"300\" src=\"https:\/\/serenityresort.ro\/wp-content\/uploads\/buton_Artboard-24-300x300.png\" class=\"vc_single_image-img attachment-medium\" alt=\"\" title=\"buton_Artboard 24\" srcset=\"https:\/\/serenityresort.ro\/wp-content\/uploads\/buton_Artboard-24-300x300.png 300w, https:\/\/serenityresort.ro\/wp-content\/uploads\/buton_Artboard-24-150x150.png 150w, https:\/\/serenityresort.ro\/wp-content\/uploads\/buton_Artboard-24-12x12.png 12w, https:\/\/serenityresort.ro\/wp-content\/uploads\/buton_Artboard-24.png 584w\" sizes=\"auto, (max-width: 300px) 100vw, 300px\" \/><\/div>\n\t\t<\/figure>\n\t<\/div>\n<\/div><\/div><\/div><\/div><div class=\"vc_row-full-width vc_clearfix\"><\/div><div data-bg-media-opacity=\"1\" data-vc-full-width=\"true\" data-vc-full-width-init=\"false\" class=\"vc_row wpb_row vc_row-fluid vc_custom_1751874481116 vc-row-70fdc08ea8587684b69a467e9d33d90f-1777522520356957785 vc_row-has-fill vc_row-o-content-middle vc_row-flex\" data-css-row=\"\"><div class=\"wpb_column vc_column_container vc_col-sm-12 vc_hidden-lg vc_hidden-md\"><div class=\"vc_column-inner\"><div class=\"wpb_wrapper\">\n\t<div  class=\"wpb_single_image wpb_content_element vc_align_left\">\n\t\t\n\t\t<figure class=\"wpb_wrapper vc_figure\">\n\t\t\t<div class=\"vc_single_image-wrapper   vc_box_border_grey\"><img loading=\"lazy\" decoding=\"async\" width=\"1193\" height=\"2560\" src=\"https:\/\/serenityresort.ro\/wp-content\/uploads\/250808_SERENITY-GOLF-WEB_Artboard-6-copy-scaled.jpg\" class=\"vc_single_image-img attachment-full\" alt=\"\" title=\"250808_SERENITY GOLF WEB_Artboard 6 copy\" srcset=\"https:\/\/serenityresort.ro\/wp-content\/uploads\/250808_SERENITY-GOLF-WEB_Artboard-6-copy-scaled.jpg 1193w, https:\/\/serenityresort.ro\/wp-content\/uploads\/250808_SERENITY-GOLF-WEB_Artboard-6-copy-140x300.jpg 140w, https:\/\/serenityresort.ro\/wp-content\/uploads\/250808_SERENITY-GOLF-WEB_Artboard-6-copy-477x1024.jpg 477w, https:\/\/serenityresort.ro\/wp-content\/uploads\/250808_SERENITY-GOLF-WEB_Artboard-6-copy-768x1648.jpg 768w, https:\/\/serenityresort.ro\/wp-content\/uploads\/250808_SERENITY-GOLF-WEB_Artboard-6-copy-716x1536.jpg 716w, https:\/\/serenityresort.ro\/wp-content\/uploads\/250808_SERENITY-GOLF-WEB_Artboard-6-copy-954x2048.jpg 954w, https:\/\/serenityresort.ro\/wp-content\/uploads\/250808_SERENITY-GOLF-WEB_Artboard-6-copy-6x12.jpg 6w\" sizes=\"auto, (max-width: 1193px) 100vw, 1193px\" \/><\/div>\n\t\t<\/figure>\n\t<\/div>\n<\/div><\/div><\/div><\/div><div class=\"vc_row-full-width vc_clearfix\"><\/div><div data-bg-media-opacity=\"1\" data-vc-full-width=\"true\" data-vc-full-width-init=\"false\" class=\"vc_row wpb_row vc_row-fluid vc_custom_1751874475760 vc-row-0a273455d5e3bbe1a6811e5afe7bbe07-17775225201234300779 vc_row-has-fill vc_row-o-content-middle vc_row-flex\" data-css-row=\"\"><div class=\"wpb_column vc_column_container vc_col-sm-12 vc_hidden-sm vc_hidden-xs\"><div class=\"vc_column-inner\"><div class=\"wpb_wrapper\">\n\t<div  class=\"wpb_single_image wpb_content_element vc_align_left\">\n\t\t\n\t\t<figure class=\"wpb_wrapper vc_figure\">\n\t\t\t<div class=\"vc_single_image-wrapper   vc_box_border_grey\"><img loading=\"lazy\" decoding=\"async\" width=\"2560\" height=\"2140\" src=\"https:\/\/serenityresort.ro\/wp-content\/uploads\/250808_SERENITY-GOLF-WEB_Artboard-5-copy-scaled.jpg\" class=\"vc_single_image-img attachment-full\" alt=\"\" title=\"250808_SERENITY GOLF WEB_Artboard 5 copy\" srcset=\"https:\/\/serenityresort.ro\/wp-content\/uploads\/250808_SERENITY-GOLF-WEB_Artboard-5-copy-scaled.jpg 2560w, https:\/\/serenityresort.ro\/wp-content\/uploads\/250808_SERENITY-GOLF-WEB_Artboard-5-copy-300x251.jpg 300w, https:\/\/serenityresort.ro\/wp-content\/uploads\/250808_SERENITY-GOLF-WEB_Artboard-5-copy-1024x856.jpg 1024w, https:\/\/serenityresort.ro\/wp-content\/uploads\/250808_SERENITY-GOLF-WEB_Artboard-5-copy-768x642.jpg 768w, https:\/\/serenityresort.ro\/wp-content\/uploads\/250808_SERENITY-GOLF-WEB_Artboard-5-copy-1536x1284.jpg 1536w, https:\/\/serenityresort.ro\/wp-content\/uploads\/250808_SERENITY-GOLF-WEB_Artboard-5-copy-2048x1712.jpg 2048w, https:\/\/serenityresort.ro\/wp-content\/uploads\/250808_SERENITY-GOLF-WEB_Artboard-5-copy-14x12.jpg 14w\" sizes=\"auto, (max-width: 2560px) 100vw, 2560px\" \/><\/div>\n\t\t<\/figure>\n\t<\/div>\n<\/div><\/div><\/div><\/div><div class=\"vc_row-full-width vc_clearfix\"><\/div><div data-bg-media-opacity=\"1\" data-vc-full-width=\"true\" data-vc-full-width-init=\"false\" class=\"vc_row wpb_row vc_row-fluid vc_custom_1739529259372 vc-row-3ad653ee76430e387fa8dbcffe0b0bcb-17775225201345371376 vc_row-has-fill vc_row-o-content-middle vc_row-flex\" data-css-row=\".vc-row-3ad653ee76430e387fa8dbcffe0b0bcb-17775225201345371376 .vc_parallax-inner, .vc-row-3ad653ee76430e387fa8dbcffe0b0bcb-17775225201345371376 .vc_video-bg { opacity: 1;}.vc-row-3ad653ee76430e387fa8dbcffe0b0bcb-17775225201345371376 { color: #000000;}\"><div class=\"wpb_column vc_column_container vc_col-sm-12\"><div class=\"vc_column-inner\"><div class=\"wpb_wrapper\"><div class=\"wpb_images_carousel wpb_content_element vc_clearfix vc_custom_1754641936856 galerie-fishing\"><div class=\"wpb_wrapper\"><div id=\"vc_images-carousel-1-1777522520\" data-ride=\"vc_carousel\" data-wrap=\"true\" style=\"width: 1300px;\" data-interval=\"1300\" data-auto-height=\"yes\" data-mode=\"horizontal\" data-partial=\"false\" data-per-view=\"3\" data-hide-on-end=\"false\" class=\"vc_slide vc_images_carousel\"><div class=\"vc_carousel-inner\"><div class=\"vc_carousel-slideline\"><div class=\"vc_carousel-slideline-inner\"><div class=\"vc_item\"><div class=\"vc_inner\"><a class=\"\" href=\"https:\/\/serenityresort.ro\/wp-content\/uploads\/9-1024x683.jpg\" data-lightbox=\"lightbox[rel-4344-1537021879]\"><img decoding=\"async\" class=\"\" src=\"https:\/\/serenityresort.ro\/wp-content\/uploads\/9-1300x900.jpg\" width=\"1300\" height=\"900\" alt=\"9\" title=\"9\" loading=\"lazy\" \/><\/a><\/div><\/div><div class=\"vc_item\"><div class=\"vc_inner\"><a class=\"\" href=\"https:\/\/serenityresort.ro\/wp-content\/uploads\/1-4-682x1024.jpg\" data-lightbox=\"lightbox[rel-4344-1537021879]\"><img decoding=\"async\" class=\"\" src=\"https:\/\/serenityresort.ro\/wp-content\/uploads\/1-4-1300x900.jpg\" width=\"1300\" height=\"900\" alt=\"1\" title=\"1\" loading=\"lazy\" \/><\/a><\/div><\/div><div class=\"vc_item\"><div class=\"vc_inner\"><a class=\"\" href=\"https:\/\/serenityresort.ro\/wp-content\/uploads\/6-2-1024x683.jpg\" data-lightbox=\"lightbox[rel-4344-1537021879]\"><img decoding=\"async\" class=\"\" src=\"https:\/\/serenityresort.ro\/wp-content\/uploads\/6-2-1300x900.jpg\" width=\"1300\" height=\"900\" alt=\"6\" title=\"6\" loading=\"lazy\" \/><\/a><\/div><\/div><div class=\"vc_item\"><div class=\"vc_inner\"><a class=\"\" href=\"https:\/\/serenityresort.ro\/wp-content\/uploads\/3-4-682x1024.jpg\" data-lightbox=\"lightbox[rel-4344-1537021879]\"><img decoding=\"async\" class=\"\" src=\"https:\/\/serenityresort.ro\/wp-content\/uploads\/3-4-1300x900.jpg\" width=\"1300\" height=\"900\" alt=\"3\" title=\"3\" loading=\"lazy\" \/><\/a><\/div><\/div><div class=\"vc_item\"><div class=\"vc_inner\"><a class=\"\" href=\"https:\/\/serenityresort.ro\/wp-content\/uploads\/5-3-1024x683.jpg\" data-lightbox=\"lightbox[rel-4344-1537021879]\"><img decoding=\"async\" class=\"\" src=\"https:\/\/serenityresort.ro\/wp-content\/uploads\/5-3-1300x900.jpg\" width=\"1300\" height=\"900\" alt=\"5\" title=\"5\" loading=\"lazy\" \/><\/a><\/div><\/div><div class=\"vc_item\"><div class=\"vc_inner\"><a class=\"\" href=\"https:\/\/serenityresort.ro\/wp-content\/uploads\/7-1-1024x683.jpg\" data-lightbox=\"lightbox[rel-4344-1537021879]\"><img decoding=\"async\" class=\"\" src=\"https:\/\/serenityresort.ro\/wp-content\/uploads\/7-1-1300x900.jpg\" width=\"1300\" height=\"900\" alt=\"7\" title=\"7\" loading=\"lazy\" \/><\/a><\/div><\/div><div class=\"vc_item\"><div class=\"vc_inner\"><a class=\"\" href=\"https:\/\/serenityresort.ro\/wp-content\/uploads\/4-3-1024x683.jpg\" data-lightbox=\"lightbox[rel-4344-1537021879]\"><img decoding=\"async\" class=\"\" src=\"https:\/\/serenityresort.ro\/wp-content\/uploads\/4-3-1300x900.jpg\" width=\"1300\" height=\"900\" alt=\"4\" title=\"4\" loading=\"lazy\" \/><\/a><\/div><\/div><div class=\"vc_item\"><div class=\"vc_inner\"><a class=\"\" href=\"https:\/\/serenityresort.ro\/wp-content\/uploads\/2-5-682x1024.jpg\" data-lightbox=\"lightbox[rel-4344-1537021879]\"><img decoding=\"async\" class=\"\" src=\"https:\/\/serenityresort.ro\/wp-content\/uploads\/2-5-1300x900.jpg\" width=\"1300\" height=\"900\" alt=\"2\" title=\"2\" loading=\"lazy\" \/><\/a><\/div><\/div><div class=\"vc_item\"><div class=\"vc_inner\"><a class=\"\" href=\"https:\/\/serenityresort.ro\/wp-content\/uploads\/8-1024x683.jpg\" data-lightbox=\"lightbox[rel-4344-1537021879]\"><img decoding=\"async\" class=\"\" src=\"https:\/\/serenityresort.ro\/wp-content\/uploads\/8-1300x900.jpg\" width=\"1300\" height=\"900\" alt=\"8\" title=\"8\" loading=\"lazy\" \/><\/a><\/div><\/div><div class=\"vc_item\"><div class=\"vc_inner\"><a class=\"\" href=\"https:\/\/serenityresort.ro\/wp-content\/uploads\/12-1024x683.jpg\" data-lightbox=\"lightbox[rel-4344-1537021879]\"><img decoding=\"async\" class=\"\" src=\"https:\/\/serenityresort.ro\/wp-content\/uploads\/12-1300x900.jpg\" width=\"1300\" height=\"900\" alt=\"12\" title=\"12\" loading=\"lazy\" \/><\/a><\/div><\/div><div class=\"vc_item\"><div class=\"vc_inner\"><a class=\"\" href=\"https:\/\/serenityresort.ro\/wp-content\/uploads\/10-682x1024.jpg\" data-lightbox=\"lightbox[rel-4344-1537021879]\"><img decoding=\"async\" class=\"\" src=\"https:\/\/serenityresort.ro\/wp-content\/uploads\/10-1300x900.jpg\" width=\"1300\" height=\"900\" alt=\"10\" title=\"10\" loading=\"lazy\" \/><\/a><\/div><\/div><div class=\"vc_item\"><div class=\"vc_inner\"><a class=\"\" href=\"https:\/\/serenityresort.ro\/wp-content\/uploads\/11-1024x683.jpg\" data-lightbox=\"lightbox[rel-4344-1537021879]\"><img decoding=\"async\" class=\"\" src=\"https:\/\/serenityresort.ro\/wp-content\/uploads\/11-1300x900.jpg\" width=\"1300\" height=\"900\" alt=\"11\" title=\"11\" loading=\"lazy\" \/><\/a><\/div><\/div><\/div><\/div><\/div><a class=\"vc_left vc_carousel-control\" href=\"#vc_images-carousel-1-1777522520\" data-slide=\"prev\"><span class=\"icon-prev\"><\/span><\/a><a class=\"vc_right vc_carousel-control\" href=\"#vc_images-carousel-1-1777522520\" data-slide=\"next\"><span class=\"icon-next\"><\/span><\/a><\/div><\/div><\/div><\/div><\/div><\/div><\/div><div class=\"vc_row-full-width vc_clearfix\"><\/div><div data-bg-media-opacity=\"1\" data-vc-full-width=\"true\" data-vc-full-width-init=\"false\" class=\"vc_row wpb_row vc_row-fluid vc_custom_1754642178174 vc-row-b466c99ca265358b73f9ab9d3e1deecf-17775225201629069903 vc_row-has-fill vc_row-o-content-middle vc_row-flex\" data-css-row=\"\"><div class=\"wpb_column vc_column_container vc_col-sm-12\"><div class=\"vc_column-inner\"><div class=\"wpb_wrapper\"><!--================ Section Heading ================-->\n<script>\n    (function($){\n        'use strict';\n\n        if(!$) return;\n\n        $(function(){\n            if(window.appear) {\n                appear({\n                    elements: function(){\n                        return document.querySelectorAll('#vc-milenia-section-heading-4e06ed851e20036d1b8b5ae7e7366871-17775225202054908851');\n                    },\n                    appear: function(element) {\n                        var $el = $(element);\n                        $el.addClass('milenia-visible').addClass($el.data('animation'));\n                    },\n                    reappear: false,\n                    bounds: -200\n                });\n            }\n        });\n    })(window.jQuery);\n<\/script>\n<div id=\"vc-milenia-section-heading-4e06ed851e20036d1b8b5ae7e7366871-17775225202054908851\" class=\"milenia-section-heading text-center vc_custom_1754646064520 milenia-visible\" data-animation=\"none\">\n    \n    <h2 class=\"milenia-section-title milenia-font--like-body\" style=\"color: #ffffff;font-size: 85px;line-height: 80px;margin-bottom: 37px;text-transform: none;font-style: normal;font-weight: 600;\">Afl\u0103 detalii despre eveniment<\/h2>\n\n    \n<\/div>\n<!--================ End of Section Heading ================-->\n<div class=\"vc_row wpb_row vc_inner vc_row-fluid\"><div class=\"wpb_column vc_column_container vc_col-sm-3\"><div class=\"vc_column-inner\"><div class=\"wpb_wrapper\"><\/div><\/div><\/div><div class=\"wpb_column vc_column_container vc_col-sm-6\"><div class=\"vc_column-inner\"><div class=\"wpb_wrapper\"><!--================ Section Heading ================-->\n<script>\n    (function($){\n        'use strict';\n\n        if(!$) return;\n\n        $(function(){\n            if(window.appear) {\n                appear({\n                    elements: function(){\n                        return document.querySelectorAll('#vc-milenia-section-heading-cb34b5e72271cd95e8bb77a2914f4256-1777522520831343590');\n                    },\n                    appear: function(element) {\n                        var $el = $(element);\n                        $el.addClass('milenia-visible').addClass($el.data('animation'));\n                    },\n                    reappear: false,\n                    bounds: -200\n                });\n            }\n        });\n    })(window.jQuery);\n<\/script>\n<div id=\"vc-milenia-section-heading-cb34b5e72271cd95e8bb77a2914f4256-1777522520831343590\" class=\"milenia-section-heading text-center\" data-animation=\"fadeIn\">\n    \n    <h2 class=\"milenia-section-title milenia-font--like-body\" style=\"color: #ffffff;font-size: 32px;line-height: 40px;margin-bottom: 0px;text-transform: none;font-style: normal;font-weight: 400;\">Aici afli toate informa\u021biile de care ai nevoie \u00eenainte de start.<\/h2>\n\n    \n<\/div>\n<!--================ End of Section Heading ================-->\n<\/div><\/div><\/div><div class=\"wpb_column vc_column_container vc_col-sm-3\"><div class=\"vc_column-inner\"><div class=\"wpb_wrapper\"><\/div><\/div><\/div><\/div><div class=\"vc_btn3-container  wpb_animate_when_almost_visible wpb_bounceIn bounceIn vc_btn3-center\" ><a class=\"vc_general vc_btn3 vc_btn3-size-lg vc_btn3-shape-round vc_btn3-style-modern vc_btn3-color-vista-blue\" href=\"https:\/\/serenitygolfcup.ro\/\" title=\"\">Detalii &amp; rezerv\u0103ri<\/a><\/div><\/div><\/div><\/div><\/div><div class=\"vc_row-full-width vc_clearfix\"><\/div>\n<\/div>","protected":false},"excerpt":{"rendered":"Descoper\u0103 detalii Intr\u0103 \u00een competi\u021bie! Pe 27 septembrie 2025, Serenity Golf Cup revine la SunGarden Resort, \u00een comuna...","protected":false},"author":2,"featured_media":0,"parent":0,"menu_order":0,"comment_status":"closed","ping_status":"closed","template":"","meta":{"footnotes":""},"class_list":["post-4344","page","type-page","status-publish","hentry"],"aioseo_notices":[],"_links":{"self":[{"href":"https:\/\/serenityresort.ro\/en\/wp-json\/wp\/v2\/pages\/4344","targetHints":{"allow":["GET"]}}],"collection":[{"href":"https:\/\/serenityresort.ro\/en\/wp-json\/wp\/v2\/pages"}],"about":[{"href":"https:\/\/serenityresort.ro\/en\/wp-json\/wp\/v2\/types\/page"}],"author":[{"embeddable":true,"href":"https:\/\/serenityresort.ro\/en\/wp-json\/wp\/v2\/users\/2"}],"replies":[{"embeddable":true,"href":"https:\/\/serenityresort.ro\/en\/wp-json\/wp\/v2\/comments?post=4344"}],"version-history":[{"count":15,"href":"https:\/\/serenityresort.ro\/en\/wp-json\/wp\/v2\/pages\/4344\/revisions"}],"predecessor-version":[{"id":4375,"href":"https:\/\/serenityresort.ro\/en\/wp-json\/wp\/v2\/pages\/4344\/revisions\/4375"}],"wp:attachment":[{"href":"https:\/\/serenityresort.ro\/en\/wp-json\/wp\/v2\/media?parent=4344"}],"curies":[{"name":"wp","href":"https:\/\/api.w.org\/{rel}","templated":true}]}}