{"id":4230,"date":"2025-07-07T11:12:10","date_gmt":"2025-07-07T08:12:10","guid":{"rendered":"https:\/\/serenityresort.ro\/?page_id=4230"},"modified":"2025-11-27T13:56:02","modified_gmt":"2025-11-27T10:56:02","slug":"revelion-by-the-lake","status":"publish","type":"page","link":"https:\/\/serenityresort.ro\/en\/revelion-by-the-lake\/","title":{"rendered":"Revelion By The Lake"},"content":{"rendered":"<div class=\"wpb-content-wrapper\"><div data-bg-media-opacity=\"1\" class=\"vc_row wpb_row vc_row-fluid vc_custom_1698748890343 vc-row-4cbaaf0002f8de770eb25ffbdf89716f-1776380502237668704 vc_column-gap-5 vc_row-o-content-middle vc_row-flex\" data-css-row=\"\"><div class=\"wpb_column vc_column_container vc_col-sm-12\"><div class=\"vc_column-inner\"><div class=\"wpb_wrapper\">\n\t\t\t<!-- START Revelion by the lake REVOLUTION SLIDER 6.6.15 --><p class=\"rs-p-wp-fix\"><\/p>\n\t\t\t<rs-module-wrap id=\"rev_slider_17_1_wrapper\" data-source=\"gallery\" style=\"visibility:hidden;background:rgba(2,2,2,0.5);padding:0;background-image:url(https:\/\/serenityresort.ro\/wp-content\/uploads\/revslider\/home_1_slider\/black.png);background-repeat:no-repeat;background-size:cover;background-position:center center;\">\n\t\t\t\t<rs-module id=\"rev_slider_17_1\" style=\"\" data-version=\"6.6.15\">\n\t\t\t\t\t<rs-slides style=\"overflow: hidden; position: absolute;\">\n\t\t\t\t\t\t<rs-slide style=\"position: absolute;\" data-key=\"rs-44\" data-title=\"Slide1\" data-in=\"o:0;\" data-out=\"a:false;\">\n\t\t\t\t\t\t\t<img decoding=\"async\" src=\"\/\/serenityresort.ro\/wp-content\/plugins\/httpvelikorodnovcomwordpresssample-datapluginusanrevslider\/public\/assets\/assets\/dummy.png\" alt=\"\" width=\"2496\" height=\"1300\" class=\"rev-slidebg tp-rs-img rs-lazyload\" data-lazyload=\"\/\/serenityresort.ro\/wp-content\/uploads\/Banner-webNY_26.jpg\" data-parallax=\"off\" data-no-retina>\n<!--\n\t\t\t\t\t\t\t--><rs-layer\n\t\t\t\t\t\t\t\tid=\"slider-17-slide-44-layer-0\" \n\t\t\t\t\t\t\t\tdata-type=\"shape\"\n\t\t\t\t\t\t\t\tdata-rsp_ch=\"on\"\n\t\t\t\t\t\t\t\tdata-xy=\"x:c;yo:473px,473px,473px,614px;\"\n\t\t\t\t\t\t\t\tdata-text=\"w:normal;s:20,20,20,7;l:0,0,0,9;\"\n\t\t\t\t\t\t\t\tdata-dim=\"w:189,189,189,158px;h:35,35,35,30;\"\n\t\t\t\t\t\t\t\tdata-frame_999=\"o:0;st:w;\"\n\t\t\t\t\t\t\t\tstyle=\"z-index:6;background-color:#8c0b1d;\"\n\t\t\t\t\t\t\t> \n\t\t\t\t\t\t\t<\/rs-layer><!--\n\n\t\t\t\t\t\t\t--><rs-layer\n\t\t\t\t\t\t\t\tid=\"slider-17-slide-44-layer-2\" \n\t\t\t\t\t\t\t\tdata-type=\"text\"\n\t\t\t\t\t\t\t\tdata-color=\"#fff\"\n\t\t\t\t\t\t\t\tdata-rsp_ch=\"on\"\n\t\t\t\t\t\t\t\tdata-xy=\"x:c;yo:478px,478px,478px,619px;\"\n\t\t\t\t\t\t\t\tdata-text=\"w:normal;s:16,16,16,13;l:24,24,24,20;ls:2,2,2,0;a:center;\"\n\t\t\t\t\t\t\t\tdata-dim=\"minh:0px,0px,0px,none;\"\n\t\t\t\t\t\t\t\tdata-actions='o:click;a:scrollbelow;offset:2000px;sp:1000ms;e:power1.inOut;'\n\t\t\t\t\t\t\t\tdata-frame_0=\"x:0,0,0,0px;y:0,0,0,0px;\"\n\t\t\t\t\t\t\t\tdata-frame_1=\"x:0,0,0,0px;y:0,0,0,0px;\"\n\t\t\t\t\t\t\t\tdata-frame_999=\"o:0;st:w;\"\n\t\t\t\t\t\t\t\tstyle=\"z-index:8;font-family:'Open Sans';\"\n\t\t\t\t\t\t\t>Rezerv\u0103-\u021bi locul \n\t\t\t\t\t\t\t<\/rs-layer><!--\n-->\t\t\t\t\t\t<\/rs-slide>\n\t\t\t\t\t<\/rs-slides>\n\t\t\t\t\t<rs-static-layers><!--\n\t\t\t\t\t--><\/rs-static-layers>\n\t\t\t\t<\/rs-module>\n\t\t\t\t<script>\n\t\t\t\t\tsetREVStartSize({c: 'rev_slider_17_1',rl:[1240,1240,1240,480],el:[868,868,868,720],gw:[1240,1240,1240,480],gh:[868,868,868,720],type:'standard',justify:'',layout:'fullscreen',offsetContainer:'#milenia-header:not(.milenia-header--transparent-single)',offset:'',mh:\"0\"});if (window.RS_MODULES!==undefined && window.RS_MODULES.modules!==undefined && window.RS_MODULES.modules[\"revslider171\"]!==undefined) {window.RS_MODULES.modules[\"revslider171\"].once = false;window.revapi17 = undefined;if (window.RS_MODULES.checkMinimal!==undefined) window.RS_MODULES.checkMinimal()}\n\t\t\t\t<\/script>\n\t\t\t<\/rs-module-wrap>\n\t\t\t<!-- END REVOLUTION SLIDER -->\n<\/div><\/div><\/div><\/div><div data-bg-media-opacity=\"1\" data-vc-full-width=\"true\" data-vc-full-width-init=\"false\" class=\"vc_row wpb_row vc_row-fluid vc_custom_1751875718977 vc-row-d1085d0b6a77444cd936dc099300ec94-17763805021564517180 vc_row-has-fill\" data-css-row=\"\"><div class=\"wpb_column vc_column_container vc_col-sm-12 vc_hidden-xs\"><div class=\"vc_column-inner\"><div class=\"wpb_wrapper\"><\/div><\/div><\/div><\/div><div class=\"vc_row-full-width vc_clearfix\"><\/div><div data-bg-media-opacity=\"1\" data-vc-full-width=\"true\" data-vc-full-width-init=\"false\" class=\"vc_row wpb_row vc_row-fluid vc_custom_1751875733152 vc-row-a4f13b2db103fe88820a8a88d65b0c5b-17763805021981066495 vc_row-has-fill vc_row-o-content-middle vc_row-flex\" data-css-row=\"\"><div class=\"wpb_column vc_column_container vc_col-sm-12\"><div class=\"vc_column-inner\"><div class=\"wpb_wrapper\"><!--================ Section Heading ================-->\n<script>\n    (function($){\n        'use strict';\n\n        if(!$) return;\n\n        $(function(){\n            if(window.appear) {\n                appear({\n                    elements: function(){\n                        return document.querySelectorAll('#vc-milenia-section-heading-06926eeaf9b8c0f92add3f0a0760b0a7-1776380502845359824');\n                    },\n                    appear: function(element) {\n                        var $el = $(element);\n                        $el.addClass('milenia-visible').addClass($el.data('animation'));\n                    },\n                    reappear: false,\n                    bounds: -200\n                });\n            }\n        });\n    })(window.jQuery);\n<\/script>\n<div id=\"vc-milenia-section-heading-06926eeaf9b8c0f92add3f0a0760b0a7-1776380502845359824\" class=\"milenia-section-heading text-center vc_custom_1764240824054 milenia-visible\" data-animation=\"none\">\n    <h6 class=\"milenia-section-subtitle milenia-font--like-body\" style=\"color: #ffffff;font-size: 14px;line-height: 80px;letter-spacing: 4.2px;margin-bottom: 10px;text-transform: uppercase;font-style: normal;font-weight: 400;\">2 loca\u021bii de poveste<\/h6>\n\n    <h2 class=\"milenia-section-title milenia-font--like-body\" style=\"color: #ffffff;font-size: 96px;line-height: 80px;margin-bottom: 37px;text-transform: none;font-style: normal;font-weight: 400;\">Celebrate By The Lake<\/h2>\n\n    \n<\/div>\n<!--================ End of Section Heading ================-->\n<div class=\"vc_row wpb_row vc_inner vc_row-fluid\"><div class=\"wpb_column vc_column_container vc_col-sm-3\"><div class=\"vc_column-inner\"><div class=\"wpb_wrapper\"><\/div><\/div><\/div><div class=\"wpb_column vc_column_container vc_col-sm-6\"><div class=\"vc_column-inner\"><div class=\"wpb_wrapper\"><!--================ Section Heading ================-->\n<script>\n    (function($){\n        'use strict';\n\n        if(!$) return;\n\n        $(function(){\n            if(window.appear) {\n                appear({\n                    elements: function(){\n                        return document.querySelectorAll('#vc-milenia-section-heading-2146b386d46baf35a717f4c696afe13d-177638050273116252');\n                    },\n                    appear: function(element) {\n                        var $el = $(element);\n                        $el.addClass('milenia-visible').addClass($el.data('animation'));\n                    },\n                    reappear: false,\n                    bounds: -200\n                });\n            }\n        });\n    })(window.jQuery);\n<\/script>\n<div id=\"vc-milenia-section-heading-2146b386d46baf35a717f4c696afe13d-177638050273116252\" class=\"milenia-section-heading text-center\" data-animation=\"fadeIn\">\n    \n    <h2 class=\"milenia-section-title milenia-font--like-body\" style=\"color: #ffffff;font-size: 32px;line-height: 40px;margin-bottom: 0px;text-transform: none;font-style: normal;font-weight: 400;\">Intr\u0103 \u00een noul an pe ritmuri alese \u0219i \u00eentr-o atmosfer\u0103 festiv\u0103, aleg\u00e2nd loca\u021bia care vi se potrive\u0219te: Ballroom, doar pentru adul\u021bi, sau Grace by the Lake, unde copiii sunt bineveni\u021bi. Muzic\u0103 live, gusturi fine \u0219i decorul elegant de l\u00e2ng\u0103 lac fac ca seara de Revelion s\u0103 prind\u0103 via\u021b\u0103 \u00eentr-un cadru care \u00eembin\u0103 natura cu rafinamentul unui eveniment memorabil.<\/h2>\n\n    \n<\/div>\n<!--================ End of Section Heading ================-->\n<\/div><\/div><\/div><div class=\"wpb_column vc_column_container vc_col-sm-3\"><div class=\"vc_column-inner\"><div class=\"wpb_wrapper\"><\/div><\/div><\/div><\/div>\n\t<div  class=\"wpb_single_image wpb_content_element vc_align_center  wpb_animate_when_almost_visible wpb_slideInDown slideInDown  sageata\">\n\t\t\n\t\t<figure class=\"wpb_wrapper vc_figure\">\n\t\t\t<div class=\"vc_single_image-wrapper   vc_box_border_grey\"><img loading=\"lazy\" decoding=\"async\" width=\"300\" height=\"300\" src=\"https:\/\/serenityresort.ro\/wp-content\/uploads\/arrow_CRACIUN-11-1-300x300.png\" class=\"vc_single_image-img attachment-medium\" alt=\"\" title=\"\" srcset=\"https:\/\/serenityresort.ro\/wp-content\/uploads\/arrow_CRACIUN-11-1-300x300.png 300w, https:\/\/serenityresort.ro\/wp-content\/uploads\/arrow_CRACIUN-11-1-150x150.png 150w, https:\/\/serenityresort.ro\/wp-content\/uploads\/arrow_CRACIUN-11-1-12x12.png 12w, https:\/\/serenityresort.ro\/wp-content\/uploads\/arrow_CRACIUN-11-1.png 584w\" sizes=\"auto, (max-width: 300px) 100vw, 300px\" \/><\/div>\n\t\t<\/figure>\n\t<\/div>\n<\/div><\/div><\/div><\/div><div class=\"vc_row-full-width vc_clearfix\"><\/div><div data-bg-media-opacity=\"1\" data-vc-full-width=\"true\" data-vc-full-width-init=\"false\" class=\"vc_row wpb_row vc_row-fluid vc_custom_1751874481116 vc-row-e1c71c9af1e2848c4c596a6c5f314145-17763805021834982831 vc_row-has-fill vc_row-o-content-middle vc_row-flex\" data-css-row=\"\"><div class=\"wpb_column vc_column_container vc_col-sm-12 vc_hidden-lg vc_hidden-md\"><div class=\"vc_column-inner\"><div class=\"wpb_wrapper\">\n\t<div  class=\"wpb_single_image wpb_content_element vc_align_left\">\n\t\t\n\t\t<figure class=\"wpb_wrapper vc_figure\">\n\t\t\t<div class=\"vc_single_image-wrapper   vc_box_border_grey\"><img loading=\"lazy\" decoding=\"async\" width=\"1320\" height=\"2560\" src=\"https:\/\/serenityresort.ro\/wp-content\/uploads\/251127_NY-CHR-WEB_EVENT-REV-17-scaled.jpg\" class=\"vc_single_image-img attachment-full\" alt=\"\" title=\"\" srcset=\"https:\/\/serenityresort.ro\/wp-content\/uploads\/251127_NY-CHR-WEB_EVENT-REV-17-scaled.jpg 1320w, https:\/\/serenityresort.ro\/wp-content\/uploads\/251127_NY-CHR-WEB_EVENT-REV-17-155x300.jpg 155w, https:\/\/serenityresort.ro\/wp-content\/uploads\/251127_NY-CHR-WEB_EVENT-REV-17-528x1024.jpg 528w, https:\/\/serenityresort.ro\/wp-content\/uploads\/251127_NY-CHR-WEB_EVENT-REV-17-768x1489.jpg 768w, https:\/\/serenityresort.ro\/wp-content\/uploads\/251127_NY-CHR-WEB_EVENT-REV-17-792x1536.jpg 792w, https:\/\/serenityresort.ro\/wp-content\/uploads\/251127_NY-CHR-WEB_EVENT-REV-17-1056x2048.jpg 1056w, https:\/\/serenityresort.ro\/wp-content\/uploads\/251127_NY-CHR-WEB_EVENT-REV-17-6x12.jpg 6w\" sizes=\"auto, (max-width: 1320px) 100vw, 1320px\" \/><\/div>\n\t\t<\/figure>\n\t<\/div>\n<\/div><\/div><\/div><\/div><div class=\"vc_row-full-width vc_clearfix\"><\/div><div data-bg-media-opacity=\"1\" data-vc-full-width=\"true\" data-vc-full-width-init=\"false\" class=\"vc_row wpb_row vc_row-fluid vc_custom_1751874475760 vc-row-2b7ad59712bfbd62fd296e502dd67d0b-17763805021241898971 vc_row-has-fill vc_row-o-content-middle vc_row-flex\" data-css-row=\"\"><div class=\"wpb_column vc_column_container vc_col-sm-12 vc_hidden-sm vc_hidden-xs\"><div class=\"vc_column-inner\"><div class=\"wpb_wrapper\">\n\t<div  class=\"wpb_single_image wpb_content_element vc_align_left\">\n\t\t\n\t\t<figure class=\"wpb_wrapper vc_figure\">\n\t\t\t<div class=\"vc_single_image-wrapper   vc_box_border_grey\"><img loading=\"lazy\" decoding=\"async\" width=\"2560\" height=\"1692\" src=\"https:\/\/serenityresort.ro\/wp-content\/uploads\/251127_NY-CHR-WEBbbb-scaled.jpg\" class=\"vc_single_image-img attachment-full\" alt=\"\" title=\"\" srcset=\"https:\/\/serenityresort.ro\/wp-content\/uploads\/251127_NY-CHR-WEBbbb-scaled.jpg 2560w, https:\/\/serenityresort.ro\/wp-content\/uploads\/251127_NY-CHR-WEBbbb-300x198.jpg 300w, https:\/\/serenityresort.ro\/wp-content\/uploads\/251127_NY-CHR-WEBbbb-1024x677.jpg 1024w, https:\/\/serenityresort.ro\/wp-content\/uploads\/251127_NY-CHR-WEBbbb-768x508.jpg 768w, https:\/\/serenityresort.ro\/wp-content\/uploads\/251127_NY-CHR-WEBbbb-1536x1015.jpg 1536w, https:\/\/serenityresort.ro\/wp-content\/uploads\/251127_NY-CHR-WEBbbb-2048x1354.jpg 2048w, https:\/\/serenityresort.ro\/wp-content\/uploads\/251127_NY-CHR-WEBbbb-18x12.jpg 18w\" sizes=\"auto, (max-width: 2560px) 100vw, 2560px\" \/><\/div>\n\t\t<\/figure>\n\t<\/div>\n<\/div><\/div><\/div><\/div><div class=\"vc_row-full-width vc_clearfix\"><\/div><div data-bg-media-opacity=\"1\" data-vc-full-width=\"true\" data-vc-full-width-init=\"false\" class=\"vc_row wpb_row vc_row-fluid vc_custom_1739529259372 vc-row-e6777d15909be6f273b964a0a36a067b-1776380502648171028 vc_row-has-fill vc_row-o-content-middle vc_row-flex\" data-css-row=\".vc-row-e6777d15909be6f273b964a0a36a067b-1776380502648171028 .vc_parallax-inner, .vc-row-e6777d15909be6f273b964a0a36a067b-1776380502648171028 .vc_video-bg { opacity: 1;}.vc-row-e6777d15909be6f273b964a0a36a067b-1776380502648171028 { color: #000000;}\"><div class=\"wpb_column vc_column_container vc_col-sm-12\"><div class=\"vc_column-inner\"><div class=\"wpb_wrapper\"><div class=\"wpb_images_carousel wpb_content_element vc_clearfix vc_custom_1751875879804 galerie-8martie\"><div class=\"wpb_wrapper\"><div id=\"vc_images-carousel-1-1776380502\" data-ride=\"vc_carousel\" data-wrap=\"true\" style=\"width: 1300px;\" data-interval=\"1500\" data-auto-height=\"yes\" data-mode=\"horizontal\" data-partial=\"true\" data-per-view=\"2\" data-hide-on-end=\"false\" class=\"vc_slide vc_images_carousel\"><div class=\"vc_carousel-inner\"><div class=\"vc_carousel-slideline\"><div class=\"vc_carousel-slideline-inner\"><div class=\"vc_item\"><div class=\"vc_inner\"><a class=\"\" href=\"https:\/\/serenityresort.ro\/wp-content\/uploads\/5-01-1024x683.jpg\" data-lightbox=\"lightbox[rel-4230-3707542347]\"><img decoding=\"async\" class=\"\" src=\"https:\/\/serenityresort.ro\/wp-content\/uploads\/5-01-1300x900.jpg\" width=\"1300\" height=\"900\" alt=\"5-01\" title=\"5-01\" loading=\"lazy\" \/><\/a><\/div><\/div><div class=\"vc_item\"><div class=\"vc_inner\"><a class=\"\" href=\"https:\/\/serenityresort.ro\/wp-content\/uploads\/2-1-769x1024.jpg\" data-lightbox=\"lightbox[rel-4230-3707542347]\"><img decoding=\"async\" class=\"\" src=\"https:\/\/serenityresort.ro\/wp-content\/uploads\/2-1-1300x900.jpg\" width=\"1300\" height=\"900\" alt=\"2\" title=\"2\" loading=\"lazy\" \/><\/a><\/div><\/div><div class=\"vc_item\"><div class=\"vc_inner\"><a class=\"\" href=\"https:\/\/serenityresort.ro\/wp-content\/uploads\/4-2-769x1024.jpg\" data-lightbox=\"lightbox[rel-4230-3707542347]\"><img decoding=\"async\" class=\"\" src=\"https:\/\/serenityresort.ro\/wp-content\/uploads\/4-2-1300x900.jpg\" width=\"1300\" height=\"900\" alt=\"4\" title=\"4\" loading=\"lazy\" \/><\/a><\/div><\/div><div class=\"vc_item\"><div class=\"vc_inner\"><a class=\"\" href=\"https:\/\/serenityresort.ro\/wp-content\/uploads\/Serenity-Food-54-682x1024.jpg\" data-lightbox=\"lightbox[rel-4230-3707542347]\"><img decoding=\"async\" class=\"\" src=\"https:\/\/serenityresort.ro\/wp-content\/uploads\/Serenity-Food-54-1300x900.jpg\" width=\"1300\" height=\"900\" alt=\"Serenity-Food-54\" title=\"Serenity-Food-54\" loading=\"lazy\" \/><\/a><\/div><\/div><div class=\"vc_item\"><div class=\"vc_inner\"><a class=\"\" href=\"https:\/\/serenityresort.ro\/wp-content\/uploads\/4-1-1024x683.jpg\" data-lightbox=\"lightbox[rel-4230-3707542347]\"><img decoding=\"async\" class=\"\" src=\"https:\/\/serenityresort.ro\/wp-content\/uploads\/4-1-1300x900.jpg\" width=\"1300\" height=\"900\" alt=\"4\" title=\"4\" loading=\"lazy\" \/><\/a><\/div><\/div><div class=\"vc_item\"><div class=\"vc_inner\"><a class=\"\" href=\"https:\/\/serenityresort.ro\/wp-content\/uploads\/PRIVATE_Ballroom-2.jpg\" data-lightbox=\"lightbox[rel-4230-3707542347]\"><img decoding=\"async\" class=\"\" src=\"https:\/\/serenityresort.ro\/wp-content\/uploads\/PRIVATE_Ballroom-2-1300x900.jpg\" width=\"1300\" height=\"900\" alt=\"PRIVATE_Ballroom 2\" title=\"PRIVATE_Ballroom 2\" loading=\"lazy\" \/><\/a><\/div><\/div><\/div><\/div><\/div><\/div><\/div><\/div><\/div><\/div><\/div><\/div><div class=\"vc_row-full-width vc_clearfix\"><\/div><div data-bg-media-opacity=\"1\" data-vc-full-width=\"true\" data-vc-full-width-init=\"false\" class=\"vc_row wpb_row vc_row-fluid vc_custom_1751875902028 vc-row-51066fdbefe8efb6ca766fad9068ab8e-17763805021692815774 vc_row-has-fill\" data-css-row=\"\"><div class=\"wpb_column vc_column_container vc_col-sm-12\"><div class=\"vc_column-inner\"><div class=\"wpb_wrapper\"><!--================ Section Heading ================-->\n<script>\n    (function($){\n        'use strict';\n\n        if(!$) return;\n\n        $(function(){\n            if(window.appear) {\n                appear({\n                    elements: function(){\n                        return document.querySelectorAll('#vc-milenia-section-heading-fa4dc97e70be9c8c20cc267a7a21035a-1776380502986127116');\n                    },\n                    appear: function(element) {\n                        var $el = $(element);\n                        $el.addClass('milenia-visible').addClass($el.data('animation'));\n                    },\n                    reappear: false,\n                    bounds: -200\n                });\n            }\n        });\n    })(window.jQuery);\n<\/script>\n<div id=\"vc-milenia-section-heading-fa4dc97e70be9c8c20cc267a7a21035a-1776380502986127116\" class=\"milenia-section-heading text-center vc_custom_1743068332144 milenia-visible\" data-animation=\"none\">\n    \n    <h2 class=\"milenia-section-title milenia-font--like-body\" style=\"color: #ffffff;font-size: 62px;line-height: 58px;margin-bottom: 37px;text-transform: none;font-style: italic;font-weight: 400;\">Rezerv\u0103-\u021bi locul<\/h2>\n\n    \n<\/div>\n<!--================ End of Section Heading ================-->\n<div class=\"vc_separator wpb_content_element vc_separator_align_center vc_sep_width_10 vc_sep_pos_align_center vc_separator_no_text\" ><span class=\"vc_sep_holder vc_sep_holder_l\"><span style=\"border-color:#6c6c6c;\" class=\"vc_sep_line\"><\/span><\/span><span class=\"vc_sep_holder vc_sep_holder_r\"><span style=\"border-color:#6c6c6c;\" class=\"vc_sep_line\"><\/span><\/span>\n<\/div><!--================ Section Heading ================-->\n<script>\n    (function($){\n        'use strict';\n\n        if(!$) return;\n\n        $(function(){\n            if(window.appear) {\n                appear({\n                    elements: function(){\n                        return document.querySelectorAll('#vc-milenia-section-heading-46746daf5dd7f251c66805c472f3e7cc-1776380502852261980');\n                    },\n                    appear: function(element) {\n                        var $el = $(element);\n                        $el.addClass('milenia-visible').addClass($el.data('animation'));\n                    },\n                    reappear: false,\n                    bounds: -200\n                });\n            }\n        });\n    })(window.jQuery);\n<\/script>\n<div id=\"vc-milenia-section-heading-46746daf5dd7f251c66805c472f3e7cc-1776380502852261980\" class=\"milenia-section-heading text-center vc_custom_1743068364859 milenia-visible\" data-animation=\"none\">\n    \n    <h2 class=\"milenia-section-title milenia-font--first-accented\" style=\"color: #ffffff;font-size: 22px;line-height: 40px;margin-bottom: 37px;text-transform: none;font-style: normal;font-weight: 400;\">V\u0103 rug\u0103m s\u0103 completa\u021bi formularul de mai jos.<\/h2>\n\n    \n<\/div>\n<!--================ End of Section Heading ================-->\n<!--================ Section Heading ================-->\n<script>\n    (function($){\n        'use strict';\n\n        if(!$) return;\n\n        $(function(){\n            if(window.appear) {\n                appear({\n                    elements: function(){\n                        return document.querySelectorAll('#vc-milenia-section-heading-00456e5fbc0451eb8a9cfc9c5c0d0ce3-1776380502229368238');\n                    },\n                    appear: function(element) {\n                        var $el = $(element);\n                        $el.addClass('milenia-visible').addClass($el.data('animation'));\n                    },\n                    reappear: false,\n                    bounds: -200\n                });\n            }\n        });\n    })(window.jQuery);\n<\/script>\n<div id=\"vc-milenia-section-heading-00456e5fbc0451eb8a9cfc9c5c0d0ce3-1776380502229368238\" class=\"milenia-section-heading text-center vc_custom_1743068376815 milenia-visible\" data-animation=\"none\">\n    \n    <h2 class=\"milenia-section-title milenia-font--first-accented\" style=\"color: #ffffff;font-size: 22px;line-height: 40px;text-transform: none;font-style: normal;font-weight: 400;\">V\u0103 mul\u021bumim \u0219i v\u0103 a\u0219teptam.<\/h2>\n\n    \n<\/div>\n<!--================ End of Section Heading ================-->\n<\/div><\/div><\/div><\/div><div class=\"vc_row-full-width vc_clearfix\"><\/div><div data-bg-media-opacity=\"1\" data-vc-full-width=\"true\" data-vc-full-width-init=\"false\" class=\"vc_row wpb_row vc_row-fluid vc_custom_1751875895181 vc-row-ae093bec2a07b83b47f503e20cc05fcc-1776380502645940952 vc_row-has-fill\" data-css-row=\"\"><div class=\"wpb_column vc_column_container vc_col-sm-12\"><div class=\"vc_column-inner\"><div class=\"wpb_wrapper\"><div id=\"corporate\" class=\"vc_row wpb_row vc_inner vc_row-fluid vc_custom_1751630196247 vc_row-has-fill\"><div class=\"wpb_column vc_column_container vc_col-sm-12\"><div class=\"vc_column-inner\"><div class=\"wpb_wrapper\">\n<div class=\"wpcf7 no-js\" id=\"wpcf7-f4218-o1\" lang=\"ro-RO\" dir=\"ltr\" data-wpcf7-id=\"4218\">\n<div class=\"screen-reader-response\"><p role=\"status\" aria-live=\"polite\" aria-atomic=\"true\"><\/p> <ul><\/ul><\/div>\n<form action=\"\/en\/wp-json\/wp\/v2\/pages\/4230#wpcf7-f4218-o1\" method=\"post\" class=\"wpcf7-form init\" aria-label=\"Formular de contact\" novalidate=\"novalidate\" data-status=\"init\" data-trp-original-action=\"\/en\/wp-json\/wp\/v2\/pages\/4230#wpcf7-f4218-o1\">\n<div style=\"display: none;\">\n<input type=\"hidden\" name=\"_wpcf7\" value=\"4218\" \/>\n<input type=\"hidden\" name=\"_wpcf7_version\" value=\"6.0.4\" \/>\n<input type=\"hidden\" name=\"_wpcf7_locale\" value=\"ro_RO\" \/>\n<input type=\"hidden\" name=\"_wpcf7_unit_tag\" value=\"wpcf7-f4218-o1\" \/>\n<input type=\"hidden\" name=\"_wpcf7_container_post\" value=\"0\" \/>\n<input type=\"hidden\" name=\"_wpcf7_posted_data_hash\" value=\"\" \/>\n<input type=\"hidden\" name=\"_wpcf7_recaptcha_response\" value=\"\" \/>\n<\/div>\n<div class=\"c-grid\">\n\t<p><label> NUME \u0218I PRENUME *<br \/>\n<span class=\"wpcf7-form-control-wrap\" data-name=\"your-name\"><input size=\"40\" maxlength=\"400\" class=\"wpcf7-form-control wpcf7-text wpcf7-validates-as-required\" autocomplete=\"name\" aria-required=\"true\" aria-invalid=\"false\" value=\"\" type=\"text\" name=\"your-name\" \/><\/span> <\/label>\n\t<\/p>\n\t<p><label> NUM\u0102R DE PERSOANE *<br \/>\n<span class=\"wpcf7-form-control-wrap\" data-name=\"numar-persoane\"><input class=\"wpcf7-form-control wpcf7-number wpcf7-validates-as-required wpcf7-validates-as-number\" min=\"1\" max=\"999\" aria-required=\"true\" aria-invalid=\"false\" value=\"\" type=\"number\" name=\"numar-persoane\" \/><\/span> <\/label>\n\t<\/p>\n\t<p><label> TELEFON *<br \/>\n<span class=\"wpcf7-form-control-wrap\" data-name=\"tel-207\"><input size=\"40\" maxlength=\"400\" class=\"wpcf7-form-control wpcf7-tel wpcf7-validates-as-required wpcf7-text wpcf7-validates-as-tel\" aria-required=\"true\" aria-invalid=\"false\" value=\"\" type=\"tel\" name=\"tel-207\" \/><\/span> <\/label>\n\t<\/p>\n\t<p><label> Oferta dorit\u0103 <\/label><br \/>\n<span class=\"wpcf7-form-control-wrap\" data-name=\"event\"><span class=\"wpcf7-form-control wpcf7-checkbox wpcf7-validates-as-required\"><span class=\"wpcf7-list-item first\"><label><input type=\"checkbox\" name=\"event[]\" value=\"Pachet 3 nop\u021bi de Revelion - All Inclusive\" \/><span class=\"wpcf7-list-item-label\">Pachet 3 nop\u021bi de Revelion - All Inclusive<\/span><\/label><\/span><span class=\"wpcf7-list-item\"><label><input type=\"checkbox\" name=\"event[]\" value=\"Petrecere de Revelion\" \/><span class=\"wpcf7-list-item-label\">Petrecere de Revelion<\/span><\/label><\/span><span class=\"wpcf7-list-item last\"><label><input type=\"checkbox\" name=\"event[]\" value=\"Craciun 2025 -  All Inclusive\" \/><span class=\"wpcf7-list-item-label\">Craciun 2025 -  All Inclusive<\/span><\/label><\/span><\/span><\/span>\n\t<\/p>\n\t<p><label> ADRES\u0102 DE MAIL *<br \/>\n<span class=\"wpcf7-form-control-wrap\" data-name=\"your-email\"><input size=\"40\" maxlength=\"400\" class=\"wpcf7-form-control wpcf7-email wpcf7-validates-as-required wpcf7-text wpcf7-validates-as-email\" autocomplete=\"email\" aria-required=\"true\" aria-invalid=\"false\" value=\"\" type=\"email\" name=\"your-email\" \/><\/span> <\/label>\n\t<\/p>\n\t<p><label> MESAJ<br \/>\n<span class=\"wpcf7-form-control-wrap\" data-name=\"your-message\"><textarea cols=\"40\" rows=\"10\" maxlength=\"2000\" class=\"wpcf7-form-control wpcf7-textarea\" aria-invalid=\"false\" name=\"your-message\"><\/textarea><\/span> <\/label>\n\t<\/p>\n\t<p><input class=\"wpcf7-form-control wpcf7-submit has-spinner\" type=\"submit\" value=\"REZERV\u0102\" \/>\n\t<\/p>\n<\/div><div class=\"wpcf7-response-output\" aria-hidden=\"true\"><\/div>\n<input type=\"hidden\" name=\"trp-form-language\" value=\"en\"\/><\/form>\n<\/div>\n<\/div><\/div><\/div><\/div><\/div><\/div><\/div><\/div><div class=\"vc_row-full-width vc_clearfix\"><\/div>\n<\/div>","protected":false},"excerpt":{"rendered":"Rezerv\u0103-\u021bi locul 2 loca\u021bii de poveste Celebrate By The Lake Intr\u0103 \u00een noul an pe ritmuri alese \u0219i...","protected":false},"author":2,"featured_media":0,"parent":0,"menu_order":0,"comment_status":"closed","ping_status":"closed","template":"","meta":{"footnotes":""},"class_list":["post-4230","page","type-page","status-publish","hentry"],"aioseo_notices":[],"_links":{"self":[{"href":"https:\/\/serenityresort.ro\/en\/wp-json\/wp\/v2\/pages\/4230","targetHints":{"allow":["GET"]}}],"collection":[{"href":"https:\/\/serenityresort.ro\/en\/wp-json\/wp\/v2\/pages"}],"about":[{"href":"https:\/\/serenityresort.ro\/en\/wp-json\/wp\/v2\/types\/page"}],"author":[{"embeddable":true,"href":"https:\/\/serenityresort.ro\/en\/wp-json\/wp\/v2\/users\/2"}],"replies":[{"embeddable":true,"href":"https:\/\/serenityresort.ro\/en\/wp-json\/wp\/v2\/comments?post=4230"}],"version-history":[{"count":10,"href":"https:\/\/serenityresort.ro\/en\/wp-json\/wp\/v2\/pages\/4230\/revisions"}],"predecessor-version":[{"id":4672,"href":"https:\/\/serenityresort.ro\/en\/wp-json\/wp\/v2\/pages\/4230\/revisions\/4672"}],"wp:attachment":[{"href":"https:\/\/serenityresort.ro\/en\/wp-json\/wp\/v2\/media?parent=4230"}],"curies":[{"name":"wp","href":"https:\/\/api.w.org\/{rel}","templated":true}]}}