{"id":3036,"date":"2023-10-19T10:31:15","date_gmt":"2023-10-19T07:31:15","guid":{"rendered":"http:\/\/serenityresort.ro\/?page_id=3036"},"modified":"2023-11-20T15:22:41","modified_gmt":"2023-11-20T12:22:41","slug":"politica-de-cookies","status":"publish","type":"page","link":"https:\/\/serenityresort.ro\/en\/politica-de-cookies\/","title":{"rendered":"Cookies Policy"},"content":{"rendered":"<div class=\"wpb-content-wrapper\"><div data-bg-media-opacity=\"1\" class=\"vc_row wpb_row vc_row-fluid vc_custom_1697700500642 vc-row-fe6c772a6bb15bcf46549fe2f096dce6-17763497691233954064\" data-css-row=\"\"><div class=\"wpb_column vc_column_container vc_col-sm-12\"><div class=\"vc_column-inner\"><div class=\"wpb_wrapper\">\n\t\t\t<!-- START Serenity REVOLUTION SLIDER 6.6.15 --><p class=\"rs-p-wp-fix\"><\/p>\n\t\t\t<rs-module-wrap id=\"rev_slider_7_1_wrapper\" data-source=\"gallery\" style=\"visibility:hidden;background:rgba(2,2,2,0.5);padding:0;background-image:url(https:\/\/serenityresort.ro\/wp-content\/uploads\/revslider\/home_1_slider\/black.png);background-repeat:no-repeat;background-size:cover;background-position:center center;\">\n\t\t\t\t<rs-module id=\"rev_slider_7_1\" style=\"\" data-version=\"6.6.15\">\n\t\t\t\t\t<rs-slides style=\"overflow: hidden; position: absolute;\">\n\t\t\t\t\t\t<rs-slide style=\"position: absolute;\" data-key=\"rs-23\" data-title=\"Video\" data-thumb=\"\/\/img.youtube.com\/vi\/sxxh50VDcBA\/sddefault.jpg\" data-in=\"o:0;\" data-out=\"a:false;\">\n\t\t\t\t\t\t\t<img decoding=\"async\" src=\"\/\/serenityresort.ro\/wp-content\/plugins\/httpvelikorodnovcomwordpresssample-datapluginusanrevslider\/public\/assets\/assets\/dummy.png\" alt=\"\" title=\"Serenity-Drone-12\" width=\"1500\" height=\"1311\" class=\"rev-slidebg tp-rs-img rs-lazyload\" data-lazyload=\"\/\/img.youtube.com\/vi\/sxxh50VDcBA\/sddefault.jpg\" data-parallax=\"off\" data-no-retina>\n\t\t\t\t\t\t\t<rs-bgvideo \n\t\t\t\t\t\t\t\tdata-video=\"vc:none;w:100%;h:100%;nse:false;rwd:false;l:true;ptimer:false;do:1;\"\n\t\t\t\t\t\t\t\tdata-ytid=\"sxxh50VDcBA\"\n\t\t\t\t\t\t\t\tdata-vatr=\"version=3&amp;enablejsapi=1&amp;html5=1&amp;hd=1&amp;wmode=opaque&amp;showinfo=0&amp;rel=0&amp;origin=https:\/\/serenityresort.ro;\"\n\t\t\t\t\t\t\t><\/rs-bgvideo>\n<!--\n\t\t\t\t\t\t\t--><rs-layer\n\t\t\t\t\t\t\t\tid=\"slider-7-slide-23-layer-0\" \n\t\t\t\t\t\t\t\tdata-type=\"text\"\n\t\t\t\t\t\t\t\tdata-rsp_ch=\"on\"\n\t\t\t\t\t\t\t\tdata-xy=\"x:c;y:m;yo:100px,100px,100px,112px;\"\n\t\t\t\t\t\t\t\tdata-text=\"l:22;ls:1px;a:inherit;\"\n\t\t\t\t\t\t\t\tdata-frame_0=\"y:50px;\"\n\t\t\t\t\t\t\t\tdata-frame_1=\"st:600;sp:2000;sR:600;\"\n\t\t\t\t\t\t\t\tdata-frame_999=\"o:0;st:w;sp:2000;sR:6400;\"\n\t\t\t\t\t\t\t\tstyle=\"z-index:11;font-family:'Open Sans';\"\n\t\t\t\t\t\t\t><a href=\"http:\/\/serenityresort.ro\/en\/#hotel\" class=\"milenia-btn milenia-btn--scheme-primary milenia-btn--big milenia-btn--unbordered\">Discover<\/a> \n\t\t\t\t\t\t\t<\/rs-layer><!--\n\n\t\t\t\t\t\t\t--><rs-layer\n\t\t\t\t\t\t\t\tid=\"slider-7-slide-23-layer-3\" \n\t\t\t\t\t\t\t\tdata-type=\"text\"\n\t\t\t\t\t\t\t\tdata-rsp_ch=\"on\"\n\t\t\t\t\t\t\t\tdata-xy=\"x:c;xo:-1px;y:m;yo:-10px;\"\n\t\t\t\t\t\t\t\tdata-text=\"s:65,65,65,43;l:65,65,65,43;a:center;\"\n\t\t\t\t\t\t\t\tdata-frame_0=\"y:50px,50px,50px,39px;\"\n\t\t\t\t\t\t\t\tdata-frame_1=\"x:0,0,0,0px;y:0,0,0,0px;st:400;sp:2000;sR:400;\"\n\t\t\t\t\t\t\t\tdata-frame_999=\"o:0;st:w;sp:2000;sR:6600;\"\n\t\t\t\t\t\t\t\tstyle=\"z-index:10;font-family:'Playfair Display';\"\n\t\t\t\t\t\t\t>Nature at your window \n\t\t\t\t\t\t\t<\/rs-layer><!--\n\n\t\t\t\t\t\t\t--><rs-layer\n\t\t\t\t\t\t\t\tid=\"slider-7-slide-23-layer-4\" \n\t\t\t\t\t\t\t\tdata-type=\"text\"\n\t\t\t\t\t\t\t\tdata-rsp_ch=\"on\"\n\t\t\t\t\t\t\t\tdata-xy=\"x:c;y:m;yo:-70px;\"\n\t\t\t\t\t\t\t\tdata-text=\"s:14;l:20;ls:3px;a:inherit;\"\n\t\t\t\t\t\t\t\tdata-frame_0=\"y:50px;\"\n\t\t\t\t\t\t\t\tdata-frame_1=\"st:200;sp:2000;sR:200;\"\n\t\t\t\t\t\t\t\tdata-frame_999=\"o:0;st:w;sp:2000;sR:6800;\"\n\t\t\t\t\t\t\t\tstyle=\"z-index:9;font-family:'Open Sans';text-transform:uppercase;\"\n\t\t\t\t\t\t\t>WELCOME TO SERENITY RESORT \n\t\t\t\t\t\t\t<\/rs-layer><!--\n-->\t\t\t\t\t\t<\/rs-slide>\n\t\t\t\t\t\t<rs-slide style=\"position: absolute;\" data-key=\"rs-17\" data-title=\"Slide\" data-thumb=\"\/\/serenityresort.ro\/wp-content\/uploads\/revslider\/home_1_slider\/slide-01.jpg\" data-anim=\"ms:600;\" data-in=\"o:0;\" data-out=\"a:false;\">\n\t\t\t\t\t\t\t<img decoding=\"async\" src=\"\/\/serenityresort.ro\/wp-content\/plugins\/httpvelikorodnovcomwordpresssample-datapluginusanrevslider\/public\/assets\/assets\/dummy.png\" alt=\"Slide\" class=\"rev-slidebg tp-rs-img rs-lazyload\" data-lazyload=\"\/\/serenityresort.ro\/wp-content\/plugins\/httpvelikorodnovcomwordpresssample-datapluginusanrevslider\/public\/assets\/assets\/transparent.png\" data-parallax=\"off\" data-no-retina>\n<!--\n\t\t\t\t\t\t\t--><rs-layer\n\t\t\t\t\t\t\t\tid=\"slider-7-slide-17-layer-1\" \n\t\t\t\t\t\t\t\tdata-type=\"text\"\n\t\t\t\t\t\t\t\tdata-rsp_ch=\"on\"\n\t\t\t\t\t\t\t\tdata-xy=\"x:c;y:m;yo:-70px;\"\n\t\t\t\t\t\t\t\tdata-text=\"s:14;l:20;ls:3px;a:inherit;\"\n\t\t\t\t\t\t\t\tdata-frame_0=\"y:50px;\"\n\t\t\t\t\t\t\t\tdata-frame_1=\"st:200;sp:2000;sR:200;\"\n\t\t\t\t\t\t\t\tdata-frame_999=\"o:0;st:w;sp:2000;sR:6800;\"\n\t\t\t\t\t\t\t\tstyle=\"z-index:9;font-family:'Open Sans';text-transform:uppercase;\"\n\t\t\t\t\t\t\t>WELCOME TO SERENITY RESORT \n\t\t\t\t\t\t\t<\/rs-layer><!--\n\n\t\t\t\t\t\t\t--><rs-layer\n\t\t\t\t\t\t\t\tid=\"slider-7-slide-17-layer-2\" \n\t\t\t\t\t\t\t\tdata-type=\"text\"\n\t\t\t\t\t\t\t\tdata-rsp_ch=\"on\"\n\t\t\t\t\t\t\t\tdata-xy=\"x:c;xo:-1px;y:m;yo:-10px;\"\n\t\t\t\t\t\t\t\tdata-text=\"s:65,65,65,43;l:65,65,65,43;a:center;\"\n\t\t\t\t\t\t\t\tdata-frame_0=\"y:50px,50px,50px,39px;\"\n\t\t\t\t\t\t\t\tdata-frame_1=\"x:0,0,0,0px;y:0,0,0,0px;st:400;sp:2000;sR:400;\"\n\t\t\t\t\t\t\t\tdata-frame_999=\"o:0;st:w;sp:2000;sR:6600;\"\n\t\t\t\t\t\t\t\tstyle=\"z-index:10;font-family:'Playfair Display';\"\n\t\t\t\t\t\t\t>Nature at your window \n\t\t\t\t\t\t\t<\/rs-layer><!--\n\n\t\t\t\t\t\t\t--><rs-layer\n\t\t\t\t\t\t\t\tid=\"slider-7-slide-17-layer-5\" \n\t\t\t\t\t\t\t\tdata-type=\"text\"\n\t\t\t\t\t\t\t\tdata-rsp_ch=\"on\"\n\t\t\t\t\t\t\t\tdata-xy=\"x:c;y:m;yo:100px;\"\n\t\t\t\t\t\t\t\tdata-text=\"l:22;ls:1px;a:inherit;\"\n\t\t\t\t\t\t\t\tdata-frame_0=\"y:50px;\"\n\t\t\t\t\t\t\t\tdata-frame_1=\"st:600;sp:2000;sR:600;\"\n\t\t\t\t\t\t\t\tdata-frame_999=\"o:0;st:w;sp:2000;sR:6400;\"\n\t\t\t\t\t\t\t\tstyle=\"z-index:11;font-family:'Open Sans';\"\n\t\t\t\t\t\t\t><a href=\"http:\/\/serenityresort.ro\/en\/#hotel\" class=\"milenia-btn milenia-btn--scheme-primary milenia-btn--big milenia-btn--unbordered\">Discover<\/a> \n\t\t\t\t\t\t\t<\/rs-layer><!--\n\n\t\t\t\t\t\t\t--><rs-layer\n\t\t\t\t\t\t\t\tid=\"slider-7-slide-17-layer-11\" \n\t\t\t\t\t\t\t\tdata-type=\"image\"\n\t\t\t\t\t\t\t\tdata-rsp_ch=\"on\"\n\t\t\t\t\t\t\t\tdata-xy=\"x:c;y:m;\"\n\t\t\t\t\t\t\t\tdata-text=\"w:normal;s:20,20,20,7;l:0,0,0,9;\"\n\t\t\t\t\t\t\t\tdata-dim=\"w:['100%','100%','100%','100%'];h:['100%','100%','100%','100%'];\"\n\t\t\t\t\t\t\t\tdata-basealign=\"slide\"\n\t\t\t\t\t\t\t\tdata-frame_999=\"o:0;st:w;\"\n\t\t\t\t\t\t\t\tstyle=\"z-index:8;\"\n\t\t\t\t\t\t\t><img decoding=\"async\" src=\"\/\/serenityresort.ro\/wp-content\/plugins\/httpvelikorodnovcomwordpresssample-datapluginusanrevslider\/public\/assets\/assets\/dummy.png\" alt=\"\" class=\"tp-rs-img rs-lazyload\" width=\"2000\" height=\"1500\" data-lazyload=\"\/\/serenityresort.ro\/wp-content\/uploads\/Serenity-Drone-5.jpg\" data-c=\"cover-proportional\" data-no-retina> \n\t\t\t\t\t\t\t<\/rs-layer><!--\n-->\t\t\t\t\t\t<\/rs-slide>\n\t\t\t\t\t<\/rs-slides>\n\t\t\t\t\t<rs-static-layers><!--\n\t\t\t\t\t--><\/rs-static-layers>\n\t\t\t\t<\/rs-module>\n\t\t\t\t<script>\n\t\t\t\t\tsetREVStartSize({c: 'rev_slider_7_1',rl:[1240,1240,1240,480],el:[868,868,868,720],gw:[1240,1240,1240,480],gh:[868,868,868,720],type:'standard',justify:'',layout:'fullscreen',offsetContainer:'#milenia-header:not(.milenia-header--transparent-single)',offset:'80px',mh:\"0\"});if (window.RS_MODULES!==undefined && window.RS_MODULES.modules!==undefined && window.RS_MODULES.modules[\"revslider71\"]!==undefined) {window.RS_MODULES.modules[\"revslider71\"].once = false;window.revapi7 = undefined;if (window.RS_MODULES.checkMinimal!==undefined) window.RS_MODULES.checkMinimal()}\n\t\t\t\t<\/script>\n\t\t\t\t<script src=\"https:\/\/www.youtube.com\/iframe_api\"><\/script>\n\t\t\t<\/rs-module-wrap>\n\t\t\t<!-- END REVOLUTION SLIDER -->\n<\/div><\/div><\/div><\/div><div data-bg-media-opacity=\"1\" class=\"vc_row wpb_row vc_row-fluid vc_custom_1697700641729 vc-row-2b6287347880fcf0ffedaad2a89081e5-1776349769758819198\" data-css-row=\"\"><div class=\"wpb_column vc_column_container vc_col-sm-12\"><div class=\"vc_column-inner\"><div class=\"wpb_wrapper\">\n\t<div class=\"wpb_text_column wpb_content_element\" >\n\t\t<div class=\"wpb_wrapper\">\n\t\t\t<p><strong>Politica de utilizare a cookie-urilor<\/strong><\/p>\n<ol>\n<li><strong>Politica de utilizare a cookie-urilor<\/strong><\/li>\n<\/ol>\n<p>Informa\u021biile prezentate \u00een continuare au scopul de a aduce la cuno\u0219tin\u021ba utilizatorului mai multe detalii despre plasarea, utilizarea \u0219i administrarea cookie-urilor folosite de site-ul\u00a0<a href=\"https:\/\/serenityresort.ro\/en\/\">www.serenityresort.ro<\/a>. De asemenea, sunt prezente \u0219i c\u00e2teva linkuri utile legate de acest subiect.\u00a0V\u0103 rug\u0103m s\u0103 citi\u021bi cu aten\u021bie informa\u021biile care urmeaz\u0103.<\/p>\n<p>Pentru a respecta cerin\u021bele stabilite \u00een\u00a0Directiva UE din\u00a026 mai 2012,\u00a0prevederile\u00a0Legii nr. 506 din 17 noiembrie 2004\u00a0privind prelucrarea datelor cu caracter personal \u015fi protec\u0163ia vie\u0163ii private \u00een sectorul comunica\u0163iilor electronice \u0219i cerin\u0163ele Regulamentului nr. 679\/2016 (GDPR), tuturor vizitatorilor site-ului li se cere consim\u021b\u0103m\u00e2ntul \u00eenaintea transmiterii de cookies \u00een computerele acestora.<\/p>\n<p>Site-ul nostru folose\u0219te cookie-uri proprii \u0219i de la ter\u021bi, pentru a furniza utilizatorilor o experien\u021b\u0103 mult mai bun\u0103 de navigare \u0219i servicii adaptate nevoilor \u0219i interesului fiec\u0103ruia.Cookie-urile joac\u0103 un rol important \u00een facilitarea accesului \u0219i livr\u0103rii multiplelor servicii de care utilizatorul se bucur\u0103 pe internet, cum ar fi personalizarea anumitor set\u0103ri precum: limba \u00een care este vizualizat un site, accesarea preferin\u021belor vechi prin accesarea butonului \u2018\u2019\u00eenainte\u2019\u2019 \u0219i \u201c\u00eenapoi\u2019\u2019.<\/p>\n<p>Cookie-urile ofer\u0103 de\u021bin\u0103torilor de site-uri un feedback valoros asupra modului \u00een care sunt utilizate site-urile lor de c\u0103tre utilizatori, astfel \u00eenc\u00e2t s\u0103 le poat\u0103 face mai eficiente \u0219i mai accesibile pentru utilizatori.<\/p>\n<p>Permit aplica\u021biilor multimedia sau altor tipuri de aplica\u021bii de pe alte site-uri s\u0103 fie incluse \u00eentr-un anumit site pentru a crea o experien\u021b\u0103 de navigare mai valoroas\u0103, mai util\u0103 \u0219i mai placut\u0103.\u00cembun\u0103t\u0103\u021besc eficien\u021ba publicit\u0103\u021bii online.<\/p>\n<ol>\n<li><strong>Ce sunt cookie-urile?<\/strong><\/li>\n<\/ol>\n<p>Cookie-urile sunt fragmente de text plasate de c\u0103tre site-urile pe care le vizita\u021bi \u00een computeruldumneavoastr\u0103, terminalul mobil sau alte echipamente de pe care accesa\u021bi Internetul.Aceast\u0103 tehnologie de stocare automat\u0103 a datelor este foarte r\u0103sp\u00e2ndit\u0103 \u0219i se folose\u0219te pentru a colecta informa\u021bii precum: tipul de browser \u0219i sistemul de operare, pagina surs\u0103, denumirea domeniului din care vizitatorul s-a conectat la site.<\/p>\n<p>Scopul folosirii cookie-urilor este de a \u00een\u021belege cum folosesc utilizatorii aceast\u0103 pagin\u0103 de web \u0219i ne ajut\u0103 s\u0103 adapt\u0103m con\u021binutul website-ului \u00een func\u021bie de nevoile dumneavoastr\u0103.Cookie-ul este instalat prin solicitarea emis\u0103 de c\u0103tre un web-server unui browser (exemplu: Internet Explorer, Chrome) \u0219i este complet \u201cpasiv\u201d (nu con\u021bine programe software, viru\u0219i sau spyware \u0219i nu poate accesa informa\u021biile de pe hard drive-ul utilizatorului).<\/p>\n<p>Cookie-urile \u00een sine nu solicit\u0103 informa\u021bii cu caracter personal pentru a putea fi utilizate \u0219i, \u00een cele mai multe cazuri, nu identific\u0103 personal utilizatorii de internet.<\/p>\n<p><strong>Exist\u0103 2 categorii mari de cookie-uri:<\/strong><\/p>\n<ol>\n<li>Cookie-uri de sesiune\u00a0\u2013 acestea sunt stocate temporar \u00een folderul\u00a0de cookie-uri al browserului web pentru ca acesta s\u0103 le memoreze p\u00e2n\u0103 c\u00e2nd utilizatorul iese de pe website-ul respectiv sau \u00eenchide fereastra browserului (de exemplu: \u00een momentul log\u0103rii\/delog\u0103rii pe un cont de webmail sau pe re\u021bele de socializare).<\/li>\n<li>Cookie-uri persistente\u00a0\u2013 acestea sunt stocate pe hard-drive-ul unui computer sau echipament (\u00een general, depind de durata de via\u021b\u0103 prestabilit\u0103 pentru cookie). Cookie-urile persistente le\u00a0includ \u0219i pe cele plasate de un alt website dec\u00e2t cel pe care \u00eel viziteaz\u0103 utilizatorul la momentul respectiv \u2013 cunoscute sub numele de \u2018third party cookies\u2019 (cookie-uri plasate de ter\u021bi) \u2013 care pot fi folosite \u00een mod anonim pentru a memora interesele unui utilizator, astfel \u00eenc\u00e2t s\u0103 fie livrat\u0103 publicitate c\u00e2t mai relevant\u0103 pentru utilizatori. Furnizorii ter\u021bi trebuie s\u0103 respecte, de asemenea, legea \u00een vigoare \u0219i politicile de confiden\u021bialitate ale de\u021bin\u0103torului site-ului.<\/li>\n<\/ol>\n<p>&nbsp;<\/p>\n<ol>\n<li><strong>De ce sunt cookie-urile importante pentru Internet?<\/strong><\/li>\n<\/ol>\n<p>Cookie-urile reprezint\u0103 punctul central al func\u021bion\u0103rii eficiente a Internetului, ajut\u00e2nd la generarea unei experien\u021be de navigare prietenoase \u0219i adaptat\u0103 preferin\u021belor \u0219i intereselor fiec\u0103rui utilizator. Refuzarea sau dezactivarea cookie-urilor poate face unele site-uri imposibil de folosit.<\/p>\n<p>&nbsp;<\/p>\n<p>Un cookie con\u021bine informa\u021bii care fac leg\u0103tura \u00eentre un web-browser (utilizatorul) \u0219i un web-server anume (website-ul). Dac\u0103 un browser acceseaz\u0103 acel web-server din nou, acesta poate citi informa\u021bia deja stocat\u0103 \u0219i reac\u021biona \u00een consecin\u021b\u0103.<\/p>\n<p>Exemple de \u00eentrebuin\u021b\u0103ri importante ale cookie-urilor (care nu necesit\u0103 autentificarea unui utilizator prin intermediul unui cont):<\/p>\n<ul>\n<li>Con\u021binut \u0219i servicii adaptate preferin\u021belor utilizatorului \u2013 categorii de \u0219tiri, vreme, sport, h\u0103r\u021bi, servicii publice \u0219i guvernamentale, site-uri de entertainment \u0219i servicii de travel;<\/li>\n<li>Oferte adaptate pe interesele utilizatorilor \u2013 re\u021binerea parolelor, preferin\u021belor de limb\u0103 (de exemplu: afi\u0219area rezultatelor c\u0103utarilor \u00een limba Rom\u00e2n\u0103);<\/li>\n<li>Re\u021binerea filtrelor de protec\u021bie a copiilor privind con\u021binutul pe Internet (op\u021biuni family mode, func\u021bii de safe search).<\/li>\n<li>M\u0103surare, optimizare \u0219i caracteristicile de analiz\u0103 \u2013 cum ar fi confirmarea unui anumit nivel de trafic pe un website, ce tip de con\u021binut este vizualizat \u0219i modul cum un utilizator ajunge pe un website (exemplu:\u00a0prin motoare de c\u0103utare, direct, din alte website-uri). Website-urile deruleaz\u0103 aceste analize a utiliz\u0103rii lor pentru a \u00eembun\u0103t\u0103\u021bi site-urile \u00een beneficiul userilor.<\/li>\n<\/ul>\n<p>&nbsp;<\/p>\n<ol>\n<li><strong>Cum \u0219i de ce folosim cookie-uri?<\/strong><\/li>\n<\/ol>\n<p>\u00cen ideea de a oferi un serviciu personalizat utilizatorilor no\u0219tri,\u00a0<a href=\"https:\/\/serenityresort.ro\/en\/\">www.serenityresort.ro<\/a>\u00a0poate folosi cookie-uri pentru a facilita stocarea \u0219i urm\u0103rirea preferin\u021belor dumneavoastr\u0103. Spre exemplu, putem folosi cookie-uri pentru a v\u0103 putea identifica \u0219i pentru a v\u0103 putea furniza informa\u021bii \u0219i servicii bazate pe preferin\u021bele pe care vi le-a\u021bi exprimat \u00een vizitele dumneavoastr\u0103 anterioare. De asemenea, re\u021belele ter\u021be de publicitate online pot folosi cookie-uri pentru a putea adapta mesajele publicitare \u00een func\u021bie de preferin\u021bele dumneavoastr\u0103.<\/p>\n<p>Folosirea cookie-urilor este un standard actual la majoritatea dintre siteurile pe care le vizita\u021bi. Majoritatea browserelor sunt setate s\u0103 accepte cookie-uri. Dac\u0103 \u00eens\u0103 nu dori\u021bi acest lucru, pute\u021bi reseta browserul dumneavoastr\u0103 fie s\u0103 v\u0103 anun\u021be ori de c\u00e2te ori primi\u021bi c\u00e2te un cookie, fie s\u0103 refuze acceptarea cookie-urilor. Trebuie \u00eens\u0103 s\u0103 \u0219ti\u021bi c\u0103 unele sec\u021biuni ale siteului nostru nu vor putea fi vizualizate normal dac\u0103 a\u021bi setat ca browserul dumneavoastr\u0103 s\u0103 resping\u0103 cookie-urile.<\/p>\n<p>Trebuie, de asemenea, s\u0103 re\u021bine\u021bi c\u0103 ori de c\u00e2te ori dezv\u0103lui\u021bi \u00een mod voluntar informa\u021bii personale \u00een mediul de comunicare online, \u00een programul de e-mail, \u00een programul de FTP sau \u00een serviciile de mesagerie, informa\u021bia dezv\u0103luit\u0103 de dumneavoastr\u0103 poate fi u\u0219or colectat\u0103 \u0219i folosit\u0103 de persoane neautorizate.<\/p>\n<p>De\u0219i\u00a0<a href=\"https:\/\/serenityresort.ro\/en\/\">www.serenityresort.ro<\/a>\u00a0face tot posibilul s\u0103 protejeze informa\u021bia dumneavoastr\u0103 personal\u0103, nu v\u0103 poate asigura sau garanta securitatea oric\u0103rui tip de informa\u021bie pe care ni-l transmite\u021bi, astfel \u00eenc\u00e2t transmiterea informa\u021biei \u00eentr-un mediu inadecvat se face pe propria dumneavoastr\u0103 r\u0103spundere. Trebuie s\u0103 \u00een\u021belege\u021bi, de asemenea, c\u0103 sunte\u021bi unicul responsabil pentru men\u021binerea secretului informa\u021biilor (parole, nume de utilizator, etc), legate de conturile pe care le-a\u021bi dob\u00e2ndit ca urmare a folosirii serviciilor oferite de noi.<\/p>\n<ol>\n<li><strong>Cum sunt folosite cookie-urile de c\u0103tre acest site?<\/strong><\/li>\n<\/ol>\n<p>O vizit\u0103 pe acest site poate plasa cookie-uri \u00een scopuri de:<\/p>\n<ul>\n<li>Cookie-uri de performan\u021b\u0103 a siteului;<\/li>\n<li>Cookie-uri de analiz\u0103 a vizitatorilor;<\/li>\n<li>Cookie-uri pentru geolocalizare;<\/li>\n<li>Cookie-uri de \u00eenregistrare;<\/li>\n<li>Cookie-uri pentru publicitate;<\/li>\n<li>Cookie-uri ale furnizorilor de publicitate;<\/li>\n<\/ul>\n<ol>\n<li><strong>Care sunt cookie-urile folosite de c\u0103tre acest site?<\/strong><\/li>\n<\/ol>\n<p>Detalierea cookie-urilor folosite de acest website \u0219i scopul lor:<\/p>\n<ul>\n<li><strong>Cookie-uri esen\u021biale:<\/strong> sunt folosite pentru buna func\u021bionare a websiteului. F\u0103r\u0103 aceste cookie-uri nu putem garanta func\u021bionarea siteului \u00een parametrii optimi;<\/li>\n<li><strong>Cookie-uri func\u021bionale:<\/strong> ajut\u0103 la o navigare mai u\u0219oar\u0103 pe site (de exemplu: vizualizarea paginii anterioare sau p\u0103strarea datelor privind ultima c\u0103utare de disponibilitate);<\/li>\n<li><strong>Cookie-uri de sesiune:<\/strong> sunt temporare doar pe perioada unei sesiuni de navigare. Sunt folosite pentru a \u00eembun\u0103t\u0103\u021bi navigarea, \u00een special \u00een procesul de efectuare a unei rezerv\u0103ri;<\/li>\n<li><strong>Cookie-uri persistente:<\/strong> sunt salvate pe device-ul local \u0219i nu sunt \u0219terse c\u00e2nd se termin\u0103 sesiunea de navigare. P\u0103streaz\u0103 informa\u021bii despre preferin\u021bele de navigare alese pentru a fi folosite la o sesiune urm\u0103toare de navigare pe siteul nostru (de exemplu: limba aleas\u0103, \u00eenc\u0103rcarea fotografiilor, etc.);<\/li>\n<li><strong>Cookie-uri de statistic\u0103:<\/strong> colecteaz\u0103 informa\u021bii despre modul \u00een care este folosit siteul de c\u0103tre utilizator cu scopul de a monitoriza performan\u021bele siteului, num\u0103rul de pagini vizitate, timpul petrecut pe fiecare pagin\u0103, modul de navigare, modul \u00een care a fost accesat siteul \u0219i m\u0103soar\u0103 eficien\u021ba campaniilor de promovare;<\/li>\n<li><strong>Cookie-uri pentru reclam\u0103:<\/strong> ne permit at\u00e2t nou\u0103, c\u00e2t \u0219i colaboratorilor no\u0219tri s\u0103 oferim ulterior oferte personalizate \u00een siteul nostru sau pe alte siteuri care permit afi\u0219area de reclame;<\/li>\n<li><strong>Cookie-uri social plug-in: <\/strong>sunt tot o form\u0103 de cookie-uri pentru reclam\u0103, dar dedicate trimiterii unor oferte personalizate pe re\u021belele sociale;<\/li>\n<li><strong>Cookie-uri speciale:<\/strong> cookie-uri de la Hotjar pentru a analiza modul de interac\u021biune cu siteul.<\/li>\n<\/ul>\n<p>Exemple:<\/p>\n<ul>\n<li>Google Analytics:\u00a0Vezi\u00a0<a href=\"https:\/\/policies.google.com\/privacy?hl=ro\">Politica de confiden\u021bialitate Google<\/a> pentru mai multe detalii despre ce informa\u021bii colecteaz\u0103 Google Analytics;<\/li>\n<li>Google Tag Manager:\u00a0Aici pute\u021bi citi detalii despre\u00a0<a href=\"https:\/\/policies.google.com\/terms?hl=ro\">Termenii \u0219i condi\u021biile Google<\/a>, dar \u0219i despre\u00a0<a href=\"https:\/\/www.google.com\/analytics\/tag-manager\/use-policy\/\">Termenii \u0219i condi\u021biile Google Tag Manager<\/a>;<\/li>\n<li>Facebook Pixel:\u00a0Mai multe detalii despre informa\u021biile colectate de c\u0103tre Facebook,\u00a0<a href=\"https:\/\/www.facebook.com\/policies\/cookies\/\">aici<\/a>;<\/li>\n<li>Hotjar:\u00a0Mai multe detalii despre informa\u021biile colectate de c\u0103tre Hotjar,\u00a0<a href=\"https:\/\/www.hotjar.com\/legal\/policies\/cookie-information\">aici<\/a>.<\/li>\n<\/ul>\n<ol>\n<li><strong>Securitate \u0219i probleme legate de confiden\u021bialitate<\/strong><\/li>\n<\/ol>\n<p>Cookie-urile NU sunt viru\u0219i! Ele folosesc formate tip plain text. Nu sunt alc\u0103tuite din buc\u0103\u021bi de cod, a\u0219a c\u0103 nu pot fi executate, nici nu se pot auto-executa. \u00cen consecin\u021b\u0103, nu se pot duplica sau\u00a0replica pe alte re\u021bele. Deoarece nu pot \u00eendeplini aceste func\u021bii, nu pot fi considerate viru\u0219i.<\/p>\n<p>Cookie-urile pot fi totu\u0219i folosite pentru scopuri negative. Deoarece stocheaz\u0103 informa\u021bii despre preferin\u021bele \u0219i istoricul de navigare al utilizatorilor, at\u00e2t pe un anume site c\u00e2t \u0219i pe alte siteuri, cookie-urile pot fi folosite ca o form\u0103 de Spyware. Multe produse anti-spyware sunt con\u0219tiente de acest fapt \u0219i \u00een mod constant marcheaz\u0103 cookie-urile pentru a fi \u0219terse \u00een cadrul procedurilor de \u0219tergere\/scanare anti-virus\/anti-spyware.<\/p>\n<p>\u00cen general, browserele au integrate set\u0103ri de confiden\u021bialitate care furnizeaz\u0103 diferite nivele de acceptare a cookie-urilor, perioada de valabilitate \u0219i \u0219tergerea automat\u0103 dup\u0103 ce utilizatorul a vizitat un anumit site.<\/p>\n<p><strong>Sfaturi pentru o navigare sigur\u0103 \u0219i responsabil\u0103, bazat\u0103 pe cookies:<\/strong><\/p>\n<ul>\n<li>Particulariza\u021bi-v\u0103 set\u0103rile browserului \u00een ceea ce prive\u0219te cookie-urile pentru a reflecta nivelul de securitate dorit;<\/li>\n<li>Instala\u021bi \u0219i actualiza\u021bi constant aplica\u021bii anti-spyware;<\/li>\n<li>Pute\u021bi lua \u00een considerare setarea browserului pentru a \u0219terge datele de navigare de fiecare dat\u0103 c\u00e2nd \u00eenchide\u021bi browserul.<\/li>\n<\/ul>\n<ol>\n<li><strong>Cum pot opri cookie-urile?<\/strong><\/li>\n<\/ol>\n<p>Dezactivarea \u0219i refuzul de a primi cookie-uri pot face anumite site-uri impracticabile sau dificil de vizitat \u0219i folosit.<\/p>\n<p>Este posibil\u0103 setarea din browser pentru ca aceste cookie-uri s\u0103 nu mai fie acceptate sau s\u0103 fie acceptate cookie-uri doar de la anumite site-uri. Dar \u00een aceast\u0103 situa\u021bie este posibil s\u0103 nu ave\u021bi acces la toate paginile siteului respectiv.<\/p>\n<p>Toate browserele moderne ofer\u0103 posibilitatea de a schimba set\u0103rile cookie-urilor. Aceste set\u0103ri se g\u0103sesc de regul\u0103 \u00een meniul\u00a0Op\u021biuni\u00a0\/Settings\u00a0sau \u00een meniul\u00a0Preferin\u021be\/Favorites\u00a0al browserului.<\/p>\n<ol>\n<li><strong>Actualiz\u0103ri<\/strong><\/li>\n<\/ol>\n<p>Ne rezerv\u0103m dreptul de a face orice complet\u0103ri sau modific\u0103ri la aceast\u0103 notificare. V\u0103 rug\u0103m s\u0103 vizita\u0163i aceast\u0103 pagin\u0103 din c\u00e2nd \u00een c\u00e2nd pentru a v\u0103 informa asupra acestora \u015fi a noilor informa\u0163ii.<\/p>\n<p>&nbsp;<\/p>\n\n\t\t<\/div>\n\t<\/div>\n<\/div><\/div><\/div><\/div>\n<\/div>","protected":false},"excerpt":{"rendered":"Descoper\u0103 Natura la fereastra ta BINE A\u021aI VENIT LA SERENITY RESORT BINE A\u021aI VENIT LA SERENITY RESORT Natura...","protected":false},"author":1,"featured_media":0,"parent":0,"menu_order":0,"comment_status":"closed","ping_status":"open","template":"","meta":{"footnotes":""},"class_list":["post-3036","page","type-page","status-publish","hentry"],"aioseo_notices":[],"_links":{"self":[{"href":"https:\/\/serenityresort.ro\/en\/wp-json\/wp\/v2\/pages\/3036","targetHints":{"allow":["GET"]}}],"collection":[{"href":"https:\/\/serenityresort.ro\/en\/wp-json\/wp\/v2\/pages"}],"about":[{"href":"https:\/\/serenityresort.ro\/en\/wp-json\/wp\/v2\/types\/page"}],"author":[{"embeddable":true,"href":"https:\/\/serenityresort.ro\/en\/wp-json\/wp\/v2\/users\/1"}],"replies":[{"embeddable":true,"href":"https:\/\/serenityresort.ro\/en\/wp-json\/wp\/v2\/comments?post=3036"}],"version-history":[{"count":1,"href":"https:\/\/serenityresort.ro\/en\/wp-json\/wp\/v2\/pages\/3036\/revisions"}],"predecessor-version":[{"id":3749,"href":"https:\/\/serenityresort.ro\/en\/wp-json\/wp\/v2\/pages\/3036\/revisions\/3749"}],"wp:attachment":[{"href":"https:\/\/serenityresort.ro\/en\/wp-json\/wp\/v2\/media?parent=3036"}],"curies":[{"name":"wp","href":"https:\/\/api.w.org\/{rel}","templated":true}]}}